{"id":2771,"date":"2024-05-02T18:49:18","date_gmt":"2024-05-02T18:49:18","guid":{"rendered":"https:\/\/www.duegceramiche.com\/effet-resine-ciment\/"},"modified":"2024-09-21T08:06:01","modified_gmt":"2024-09-21T08:06:01","slug":"effet-resine-ciment","status":"publish","type":"page","link":"https:\/\/www.duegceramiche.com\/fr\/collections\/effet-resine-ciment\/","title":{"rendered":"Effet r\u00e9sine &#8211; Ciment"},"content":{"rendered":"\t\t<div data-elementor-type=\"wp-page\" data-elementor-id=\"2771\" class=\"elementor elementor-2771 elementor-594\" data-elementor-post-type=\"page\">\n\t\t\t\t\t\t<section class=\"elementor-section elementor-top-section elementor-element elementor-element-39e3f84d elementor-section-content-middle elementor-section-boxed elementor-section-height-default elementor-section-height-default\" data-id=\"39e3f84d\" data-element_type=\"section\" data-settings=\"{&quot;background_background&quot;:&quot;classic&quot;,&quot;jet_parallax_layout_list&quot;:[]}\">\n\t\t\t\t\t\t\t<div class=\"elementor-background-overlay\"><\/div>\n\t\t\t\t\t\t\t<div class=\"elementor-container elementor-column-gap-default\">\n\t\t\t\t\t<div class=\"elementor-column elementor-col-100 elementor-top-column elementor-element elementor-element-36386eb8\" data-id=\"36386eb8\" data-element_type=\"column\">\n\t\t\t<div class=\"elementor-widget-wrap elementor-element-populated\">\n\t\t\t\t\t\t<div class=\"elementor-element elementor-element-239b61bc elementor-widget elementor-widget-heading\" data-id=\"239b61bc\" data-element_type=\"widget\" data-widget_type=\"heading.default\">\n\t\t\t\t<div class=\"elementor-widget-container\">\n\t\t\t\t\t<h2 class=\"elementor-heading-title elementor-size-default\">SUPERFICI CONTEMPORANEE<\/h2>\t\t\t\t<\/div>\n\t\t\t\t<\/div>\n\t\t\t\t\t<\/div>\n\t\t<\/div>\n\t\t\t\t\t<\/div>\n\t\t<\/section>\n\t\t<div class=\"elementor-element elementor-element-6080a114 e-grid e-con-boxed e-con e-parent\" data-id=\"6080a114\" data-element_type=\"container\" data-settings=\"{&quot;jet_parallax_layout_list&quot;:[]}\">\n\t\t\t\t\t<div class=\"e-con-inner\">\n\t\t\t\t<div class=\"elementor-element elementor-element-33e7a605 ekit-equal-height-enable elementor-widget elementor-widget-elementskit-image-box\" data-id=\"33e7a605\" data-element_type=\"widget\" data-widget_type=\"elementskit-image-box.default\">\n\t\t\t\t<div class=\"elementor-widget-container\">\n\t\t\t\t\t<div class=\"ekit-wid-con\" >\n            <div class=\"elementskit-info-image-box ekit-image-box text-center simple-card\" >\n\n                <a href=\"https:\/\/www.duegceramiche.com\/fr\/enjoy\/\">\n                <div class=\"elementskit-box-header image-box-img-center\">\n\n                    <img fetchpriority=\"high\" decoding=\"async\" width=\"2560\" height=\"1600\" src=\"https:\/\/www.duegceramiche.com\/wp-content\/uploads\/2024\/09\/DG_Enjoy_AMB-03_outdoor_Talco-scaled.jpg\" class=\"attachment-full size-full wp-image-1853\" alt=\"\" srcset=\"https:\/\/www.duegceramiche.com\/wp-content\/uploads\/2024\/09\/DG_Enjoy_AMB-03_outdoor_Talco-scaled.jpg 2560w, https:\/\/www.duegceramiche.com\/wp-content\/uploads\/2024\/09\/DG_Enjoy_AMB-03_outdoor_Talco-300x188.jpg 300w, https:\/\/www.duegceramiche.com\/wp-content\/uploads\/2024\/09\/DG_Enjoy_AMB-03_outdoor_Talco-1024x640.jpg 1024w, https:\/\/www.duegceramiche.com\/wp-content\/uploads\/2024\/09\/DG_Enjoy_AMB-03_outdoor_Talco-768x480.jpg 768w, https:\/\/www.duegceramiche.com\/wp-content\/uploads\/2024\/09\/DG_Enjoy_AMB-03_outdoor_Talco-1536x960.jpg 1536w, https:\/\/www.duegceramiche.com\/wp-content\/uploads\/2024\/09\/DG_Enjoy_AMB-03_outdoor_Talco-2048x1280.jpg 2048w\" sizes=\"(max-width: 2560px) 100vw, 2560px\" \/>\n                <\/div>\n                <\/a>\n                <div class=\"elementskit-box-body ekit-image-box-body\">\n                    <div class=\"elementskit-box-content ekit-image-box-body-inner\">\n                                                <h3 class=\"elementskit-info-box-title\">\n\n                        Enjoy\n                        \n                    <\/h3>\n                                                            <div class=\"elementskit-box-style-content\">\n                        Une large gamme de couleurs capable d'\u00e9voquer la mat\u00e9rialit\u00e9 du b\u00e9ton avec la sobri\u00e9t\u00e9 des couleurs unies.\nUne proposition chromatique con\u00e7ue pour offrir un large choix de tons chauds et froids, enrichis par des options d\u00e9coratives compl\u00e9mentaires.                       <\/div>\n                                    <\/div>\n\n                            <\/div>\n            <\/div>\n    <\/div>\t\t\t\t<\/div>\n\t\t\t\t<\/div>\n\t\t\t\t\t<\/div>\n\t\t\t\t<\/div>\n\t\t\t\t<\/div>\n\t\t","protected":false},"excerpt":{"rendered":"<p>SUPERFICI CONTEMPORANEE Enjoy Une large gamme de couleurs capable d&rsquo;\u00e9voquer la mat\u00e9rialit\u00e9 du b\u00e9ton avec la sobri\u00e9t\u00e9 des couleurs unies. Une proposition chromatique con\u00e7ue pour offrir un large choix de tons chauds et froids, enrichis par des options d\u00e9coratives compl\u00e9mentaires.<\/p>\n","protected":false},"author":1,"featured_media":0,"parent":2773,"menu_order":0,"comment_status":"closed","ping_status":"closed","template":"","meta":{"footnotes":""},"class_list":["post-2771","page","type-page","status-publish","hentry"],"yoast_head":"<!-- This site is optimized with the Yoast SEO plugin v26.6 - https:\/\/yoast.com\/wordpress\/plugins\/seo\/ -->\n<title>Effet r\u00e9sine - Ciment - Due G Ceramiche<\/title>\n<meta name=\"robots\" content=\"index, follow, max-snippet:-1, max-image-preview:large, max-video-preview:-1\" \/>\n<link rel=\"canonical\" href=\"https:\/\/www.duegceramiche.com\/fr\/collections\/effet-resine-ciment\/\" \/>\n<meta property=\"og:locale\" content=\"fr_FR\" \/>\n<meta property=\"og:type\" content=\"article\" \/>\n<meta property=\"og:title\" content=\"Effet r\u00e9sine - Ciment - Due G Ceramiche\" \/>\n<meta property=\"og:description\" content=\"SUPERFICI CONTEMPORANEE Enjoy Une large gamme de couleurs capable d&rsquo;\u00e9voquer la mat\u00e9rialit\u00e9 du b\u00e9ton avec la sobri\u00e9t\u00e9 des couleurs unies. Une proposition chromatique con\u00e7ue pour offrir un large choix de tons chauds et froids, enrichis par des options d\u00e9coratives compl\u00e9mentaires.\" \/>\n<meta property=\"og:url\" content=\"https:\/\/www.duegceramiche.com\/fr\/collections\/effet-resine-ciment\/\" \/>\n<meta property=\"og:site_name\" content=\"Due G Ceramiche\" \/>\n<meta property=\"article:publisher\" content=\"https:\/\/www.facebook.com\/duegceramiche\" \/>\n<meta property=\"article:modified_time\" content=\"2024-09-21T08:06:01+00:00\" \/>\n<meta property=\"og:image\" content=\"https:\/\/www.duegceramiche.com\/wp-content\/uploads\/2024\/09\/DG_Enjoy_AMB-03_outdoor_Talco-scaled.jpg\" \/>\n\t<meta property=\"og:image:width\" content=\"2560\" \/>\n\t<meta property=\"og:image:height\" content=\"1600\" \/>\n\t<meta property=\"og:image:type\" content=\"image\/jpeg\" \/>\n<meta name=\"twitter:card\" content=\"summary_large_image\" \/>\n<script type=\"application\/ld+json\" class=\"yoast-schema-graph\">{\"@context\":\"https:\/\/schema.org\",\"@graph\":[{\"@type\":\"WebPage\",\"@id\":\"https:\/\/www.duegceramiche.com\/fr\/collections\/effet-resine-ciment\/\",\"url\":\"https:\/\/www.duegceramiche.com\/fr\/collections\/effet-resine-ciment\/\",\"name\":\"Effet r\u00e9sine - Ciment - Due G Ceramiche\",\"isPartOf\":{\"@id\":\"https:\/\/www.duegceramiche.com\/#website\"},\"primaryImageOfPage\":{\"@id\":\"https:\/\/www.duegceramiche.com\/fr\/collections\/effet-resine-ciment\/#primaryimage\"},\"image\":{\"@id\":\"https:\/\/www.duegceramiche.com\/fr\/collections\/effet-resine-ciment\/#primaryimage\"},\"thumbnailUrl\":\"https:\/\/www.duegceramiche.com\/wp-content\/uploads\/2024\/09\/DG_Enjoy_AMB-03_outdoor_Talco-scaled.jpg\",\"datePublished\":\"2024-05-02T18:49:18+00:00\",\"dateModified\":\"2024-09-21T08:06:01+00:00\",\"breadcrumb\":{\"@id\":\"https:\/\/www.duegceramiche.com\/fr\/collections\/effet-resine-ciment\/#breadcrumb\"},\"inLanguage\":\"fr-FR\",\"potentialAction\":[{\"@type\":\"ReadAction\",\"target\":[\"https:\/\/www.duegceramiche.com\/fr\/collections\/effet-resine-ciment\/\"]}]},{\"@type\":\"ImageObject\",\"inLanguage\":\"fr-FR\",\"@id\":\"https:\/\/www.duegceramiche.com\/fr\/collections\/effet-resine-ciment\/#primaryimage\",\"url\":\"https:\/\/www.duegceramiche.com\/wp-content\/uploads\/2024\/09\/DG_Enjoy_AMB-03_outdoor_Talco-scaled.jpg\",\"contentUrl\":\"https:\/\/www.duegceramiche.com\/wp-content\/uploads\/2024\/09\/DG_Enjoy_AMB-03_outdoor_Talco-scaled.jpg\"},{\"@type\":\"BreadcrumbList\",\"@id\":\"https:\/\/www.duegceramiche.com\/fr\/collections\/effet-resine-ciment\/#breadcrumb\",\"itemListElement\":[{\"@type\":\"ListItem\",\"position\":1,\"name\":\"Home\",\"item\":\"https:\/\/www.duegceramiche.com\/fr\/accueil\/\"},{\"@type\":\"ListItem\",\"position\":2,\"name\":\"Collections\",\"item\":\"https:\/\/www.duegceramiche.com\/fr\/collections\/\"},{\"@type\":\"ListItem\",\"position\":3,\"name\":\"Effet r\u00e9sine &#8211; Ciment\"}]},{\"@type\":\"WebSite\",\"@id\":\"https:\/\/www.duegceramiche.com\/#website\",\"url\":\"https:\/\/www.duegceramiche.com\/\",\"name\":\"Due G Ceramiche\",\"description\":\"Due G Ceramiche, piastrelle in gres porcellanato di design Made in Italy.\",\"publisher\":{\"@id\":\"https:\/\/www.duegceramiche.com\/#organization\"},\"alternateName\":\"Due G Ceramiche\",\"potentialAction\":[{\"@type\":\"SearchAction\",\"target\":{\"@type\":\"EntryPoint\",\"urlTemplate\":\"https:\/\/www.duegceramiche.com\/?s={search_term_string}\"},\"query-input\":{\"@type\":\"PropertyValueSpecification\",\"valueRequired\":true,\"valueName\":\"search_term_string\"}}],\"inLanguage\":\"fr-FR\"},{\"@type\":\"Organization\",\"@id\":\"https:\/\/www.duegceramiche.com\/#organization\",\"name\":\"Due G Ceramiche\",\"url\":\"https:\/\/www.duegceramiche.com\/\",\"logo\":{\"@type\":\"ImageObject\",\"inLanguage\":\"fr-FR\",\"@id\":\"https:\/\/www.duegceramiche.com\/#\/schema\/logo\/image\/\",\"url\":\"https:\/\/www.duegceramiche.com\/wp-content\/uploads\/2024\/05\/cropped-Favicon.png\",\"contentUrl\":\"https:\/\/www.duegceramiche.com\/wp-content\/uploads\/2024\/05\/cropped-Favicon.png\",\"width\":512,\"height\":512,\"caption\":\"Due G Ceramiche\"},\"image\":{\"@id\":\"https:\/\/www.duegceramiche.com\/#\/schema\/logo\/image\/\"},\"sameAs\":[\"https:\/\/www.facebook.com\/duegceramiche\",\"https:\/\/www.linkedin.com\/company\/due-g-ceramiche\",\"https:\/\/www.instagram.com\/duegceramiche\/\"]}]}<\/script>\n<!-- \/ Yoast SEO plugin. -->","yoast_head_json":{"title":"Effet r\u00e9sine - Ciment - Due G Ceramiche","robots":{"index":"index","follow":"follow","max-snippet":"max-snippet:-1","max-image-preview":"max-image-preview:large","max-video-preview":"max-video-preview:-1"},"canonical":"https:\/\/www.duegceramiche.com\/fr\/collections\/effet-resine-ciment\/","og_locale":"fr_FR","og_type":"article","og_title":"Effet r\u00e9sine - Ciment - Due G Ceramiche","og_description":"SUPERFICI CONTEMPORANEE Enjoy Une large gamme de couleurs capable d&rsquo;\u00e9voquer la mat\u00e9rialit\u00e9 du b\u00e9ton avec la sobri\u00e9t\u00e9 des couleurs unies. Une proposition chromatique con\u00e7ue pour offrir un large choix de tons chauds et froids, enrichis par des options d\u00e9coratives compl\u00e9mentaires.","og_url":"https:\/\/www.duegceramiche.com\/fr\/collections\/effet-resine-ciment\/","og_site_name":"Due G Ceramiche","article_publisher":"https:\/\/www.facebook.com\/duegceramiche","article_modified_time":"2024-09-21T08:06:01+00:00","og_image":[{"width":2560,"height":1600,"url":"https:\/\/www.duegceramiche.com\/wp-content\/uploads\/2024\/09\/DG_Enjoy_AMB-03_outdoor_Talco-scaled.jpg","type":"image\/jpeg"}],"twitter_card":"summary_large_image","schema":{"@context":"https:\/\/schema.org","@graph":[{"@type":"WebPage","@id":"https:\/\/www.duegceramiche.com\/fr\/collections\/effet-resine-ciment\/","url":"https:\/\/www.duegceramiche.com\/fr\/collections\/effet-resine-ciment\/","name":"Effet r\u00e9sine - Ciment - Due G Ceramiche","isPartOf":{"@id":"https:\/\/www.duegceramiche.com\/#website"},"primaryImageOfPage":{"@id":"https:\/\/www.duegceramiche.com\/fr\/collections\/effet-resine-ciment\/#primaryimage"},"image":{"@id":"https:\/\/www.duegceramiche.com\/fr\/collections\/effet-resine-ciment\/#primaryimage"},"thumbnailUrl":"https:\/\/www.duegceramiche.com\/wp-content\/uploads\/2024\/09\/DG_Enjoy_AMB-03_outdoor_Talco-scaled.jpg","datePublished":"2024-05-02T18:49:18+00:00","dateModified":"2024-09-21T08:06:01+00:00","breadcrumb":{"@id":"https:\/\/www.duegceramiche.com\/fr\/collections\/effet-resine-ciment\/#breadcrumb"},"inLanguage":"fr-FR","potentialAction":[{"@type":"ReadAction","target":["https:\/\/www.duegceramiche.com\/fr\/collections\/effet-resine-ciment\/"]}]},{"@type":"ImageObject","inLanguage":"fr-FR","@id":"https:\/\/www.duegceramiche.com\/fr\/collections\/effet-resine-ciment\/#primaryimage","url":"https:\/\/www.duegceramiche.com\/wp-content\/uploads\/2024\/09\/DG_Enjoy_AMB-03_outdoor_Talco-scaled.jpg","contentUrl":"https:\/\/www.duegceramiche.com\/wp-content\/uploads\/2024\/09\/DG_Enjoy_AMB-03_outdoor_Talco-scaled.jpg"},{"@type":"BreadcrumbList","@id":"https:\/\/www.duegceramiche.com\/fr\/collections\/effet-resine-ciment\/#breadcrumb","itemListElement":[{"@type":"ListItem","position":1,"name":"Home","item":"https:\/\/www.duegceramiche.com\/fr\/accueil\/"},{"@type":"ListItem","position":2,"name":"Collections","item":"https:\/\/www.duegceramiche.com\/fr\/collections\/"},{"@type":"ListItem","position":3,"name":"Effet r\u00e9sine &#8211; Ciment"}]},{"@type":"WebSite","@id":"https:\/\/www.duegceramiche.com\/#website","url":"https:\/\/www.duegceramiche.com\/","name":"Due G Ceramiche","description":"Due G Ceramiche, piastrelle in gres porcellanato di design Made in Italy.","publisher":{"@id":"https:\/\/www.duegceramiche.com\/#organization"},"alternateName":"Due G Ceramiche","potentialAction":[{"@type":"SearchAction","target":{"@type":"EntryPoint","urlTemplate":"https:\/\/www.duegceramiche.com\/?s={search_term_string}"},"query-input":{"@type":"PropertyValueSpecification","valueRequired":true,"valueName":"search_term_string"}}],"inLanguage":"fr-FR"},{"@type":"Organization","@id":"https:\/\/www.duegceramiche.com\/#organization","name":"Due G Ceramiche","url":"https:\/\/www.duegceramiche.com\/","logo":{"@type":"ImageObject","inLanguage":"fr-FR","@id":"https:\/\/www.duegceramiche.com\/#\/schema\/logo\/image\/","url":"https:\/\/www.duegceramiche.com\/wp-content\/uploads\/2024\/05\/cropped-Favicon.png","contentUrl":"https:\/\/www.duegceramiche.com\/wp-content\/uploads\/2024\/05\/cropped-Favicon.png","width":512,"height":512,"caption":"Due G Ceramiche"},"image":{"@id":"https:\/\/www.duegceramiche.com\/#\/schema\/logo\/image\/"},"sameAs":["https:\/\/www.facebook.com\/duegceramiche","https:\/\/www.linkedin.com\/company\/due-g-ceramiche","https:\/\/www.instagram.com\/duegceramiche\/"]}]}},"_links":{"self":[{"href":"https:\/\/www.duegceramiche.com\/fr\/wp-json\/wp\/v2\/pages\/2771","targetHints":{"allow":["GET"]}}],"collection":[{"href":"https:\/\/www.duegceramiche.com\/fr\/wp-json\/wp\/v2\/pages"}],"about":[{"href":"https:\/\/www.duegceramiche.com\/fr\/wp-json\/wp\/v2\/types\/page"}],"author":[{"embeddable":true,"href":"https:\/\/www.duegceramiche.com\/fr\/wp-json\/wp\/v2\/users\/1"}],"replies":[{"embeddable":true,"href":"https:\/\/www.duegceramiche.com\/fr\/wp-json\/wp\/v2\/comments?post=2771"}],"version-history":[{"count":1,"href":"https:\/\/www.duegceramiche.com\/fr\/wp-json\/wp\/v2\/pages\/2771\/revisions"}],"predecessor-version":[{"id":2772,"href":"https:\/\/www.duegceramiche.com\/fr\/wp-json\/wp\/v2\/pages\/2771\/revisions\/2772"}],"up":[{"embeddable":true,"href":"https:\/\/www.duegceramiche.com\/fr\/wp-json\/wp\/v2\/pages\/2773"}],"wp:attachment":[{"href":"https:\/\/www.duegceramiche.com\/fr\/wp-json\/wp\/v2\/media?parent=2771"}],"curies":[{"name":"wp","href":"https:\/\/api.w.org\/{rel}","templated":true}]}}