{"id":2769,"date":"2024-05-02T18:47:55","date_gmt":"2024-05-02T18:47:55","guid":{"rendered":"https:\/\/www.duegceramiche.com\/effet-de-pierre\/"},"modified":"2025-10-17T13:23:30","modified_gmt":"2025-10-17T13:23:30","slug":"effet-de-pierre","status":"publish","type":"page","link":"https:\/\/www.duegceramiche.com\/fr\/collections\/effet-de-pierre\/","title":{"rendered":"Effet de pierre"},"content":{"rendered":"\t\t<div data-elementor-type=\"wp-page\" data-elementor-id=\"2769\" class=\"elementor elementor-2769 elementor-588\" data-elementor-post-type=\"page\">\n\t\t\t\t\t\t<section class=\"elementor-section elementor-top-section elementor-element elementor-element-3c00ddca elementor-section-content-middle elementor-section-boxed elementor-section-height-default elementor-section-height-default\" data-id=\"3c00ddca\" data-element_type=\"section\" data-settings=\"{&quot;background_background&quot;:&quot;classic&quot;,&quot;jet_parallax_layout_list&quot;:[]}\">\n\t\t\t\t\t\t\t<div class=\"elementor-background-overlay\"><\/div>\n\t\t\t\t\t\t\t<div class=\"elementor-container elementor-column-gap-default\">\n\t\t\t\t\t<div class=\"elementor-column elementor-col-100 elementor-top-column elementor-element elementor-element-459c9be8\" data-id=\"459c9be8\" data-element_type=\"column\">\n\t\t\t<div class=\"elementor-widget-wrap elementor-element-populated\">\n\t\t\t\t\t\t<div class=\"elementor-element elementor-element-6c812beb elementor-widget elementor-widget-heading\" data-id=\"6c812beb\" data-element_type=\"widget\" data-widget_type=\"heading.default\">\n\t\t\t\t<div class=\"elementor-widget-container\">\n\t\t\t\t\t<h2 class=\"elementor-heading-title elementor-size-default\">PIERRES M\u00c9DITERRAN\u00c9ENNES<\/h2>\t\t\t\t<\/div>\n\t\t\t\t<\/div>\n\t\t\t\t\t<\/div>\n\t\t<\/div>\n\t\t\t\t\t<\/div>\n\t\t<\/section>\n\t\t<div class=\"elementor-element elementor-element-cffb054 e-grid e-con-boxed e-con e-parent\" data-id=\"cffb054\" data-element_type=\"container\" data-settings=\"{&quot;jet_parallax_layout_list&quot;:[]}\">\n\t\t\t\t\t<div class=\"e-con-inner\">\n\t\t\t\t<div class=\"elementor-element elementor-element-b010d06 ekit-equal-height-enable elementor-widget elementor-widget-elementskit-image-box\" data-id=\"b010d06\" data-element_type=\"widget\" data-widget_type=\"elementskit-image-box.default\">\n\t\t\t\t<div class=\"elementor-widget-container\">\n\t\t\t\t\t<div class=\"ekit-wid-con\" >\n            <div class=\"elementskit-info-image-box ekit-image-box text-center simple-card\" >\n\n                <a href=\"https:\/\/www.duegceramiche.com\/fr\/collections\/effet-de-pierre\/breccia-paradiso\/\">\n                <div class=\"elementskit-box-header image-box-img-center\">\n\n                    <img fetchpriority=\"high\" decoding=\"async\" width=\"2000\" height=\"1253\" src=\"https:\/\/www.duegceramiche.com\/wp-content\/uploads\/2025\/06\/DUE_G_sr-BRECCIA-PARADISO_AMB-01_Living_BROWN_120x120_120x280_HR.jpg\" class=\"attachment-full size-full wp-image-3043\" alt=\"\" srcset=\"https:\/\/www.duegceramiche.com\/wp-content\/uploads\/2025\/06\/DUE_G_sr-BRECCIA-PARADISO_AMB-01_Living_BROWN_120x120_120x280_HR.jpg 2000w, https:\/\/www.duegceramiche.com\/wp-content\/uploads\/2025\/06\/DUE_G_sr-BRECCIA-PARADISO_AMB-01_Living_BROWN_120x120_120x280_HR-300x188.jpg 300w, https:\/\/www.duegceramiche.com\/wp-content\/uploads\/2025\/06\/DUE_G_sr-BRECCIA-PARADISO_AMB-01_Living_BROWN_120x120_120x280_HR-1024x642.jpg 1024w, https:\/\/www.duegceramiche.com\/wp-content\/uploads\/2025\/06\/DUE_G_sr-BRECCIA-PARADISO_AMB-01_Living_BROWN_120x120_120x280_HR-768x481.jpg 768w, https:\/\/www.duegceramiche.com\/wp-content\/uploads\/2025\/06\/DUE_G_sr-BRECCIA-PARADISO_AMB-01_Living_BROWN_120x120_120x280_HR-1536x962.jpg 1536w\" sizes=\"(max-width: 2000px) 100vw, 2000px\" \/>\n                <\/div>\n                <\/a>\n                <div class=\"elementskit-box-body ekit-image-box-body\">\n                    <div class=\"elementskit-box-content ekit-image-box-body-inner\">\n                                                <h3 class=\"elementskit-info-box-title\">\n\n                        Breccia Paradiso\n                        \n                    <\/h3>\n                                                            <div class=\"elementskit-box-style-content\">\n                        \nLa beaut\u00e9 instinctive de la pierre exprime tout le potentiel du mat\u00e9riau c\u00e9ramique avec sobri\u00e9t\u00e9, polyvalence et \u00e9l\u00e9gance naturelle\n, en cr\u00e9ant des projets contemporains et des solutions architecturales d'int\u00e9rieur et d'ext\u00e9rieur parfaitement coordonn\u00e9es.                    <\/div>\n                                    <\/div>\n\n                            <\/div>\n            <\/div>\n    <\/div>\t\t\t\t<\/div>\n\t\t\t\t<\/div>\n\t\t\t\t<div class=\"elementor-element elementor-element-1b16eec ekit-equal-height-enable elementor-widget elementor-widget-elementskit-image-box\" data-id=\"1b16eec\" data-element_type=\"widget\" data-widget_type=\"elementskit-image-box.default\">\n\t\t\t\t<div class=\"elementor-widget-container\">\n\t\t\t\t\t<div class=\"ekit-wid-con\" >\n            <div class=\"elementskit-info-image-box ekit-image-box text-center simple-card\" >\n\n                <a href=\"https:\/\/www.duegceramiche.com\/fr\/collections\/effet-de-pierre\/sintonia\/\">\n                <div class=\"elementskit-box-header image-box-img-center\">\n\n                    <img decoding=\"async\" width=\"2000\" height=\"1253\" src=\"https:\/\/www.duegceramiche.com\/wp-content\/uploads\/2025\/06\/DUEG_sr-SINTONIA_AMB-06_LIVING_Sabbia_60x120_HR.jpg\" class=\"attachment-full size-full wp-image-3283\" alt=\"\" srcset=\"https:\/\/www.duegceramiche.com\/wp-content\/uploads\/2025\/06\/DUEG_sr-SINTONIA_AMB-06_LIVING_Sabbia_60x120_HR.jpg 2000w, https:\/\/www.duegceramiche.com\/wp-content\/uploads\/2025\/06\/DUEG_sr-SINTONIA_AMB-06_LIVING_Sabbia_60x120_HR-300x188.jpg 300w, https:\/\/www.duegceramiche.com\/wp-content\/uploads\/2025\/06\/DUEG_sr-SINTONIA_AMB-06_LIVING_Sabbia_60x120_HR-1024x642.jpg 1024w, https:\/\/www.duegceramiche.com\/wp-content\/uploads\/2025\/06\/DUEG_sr-SINTONIA_AMB-06_LIVING_Sabbia_60x120_HR-768x481.jpg 768w, https:\/\/www.duegceramiche.com\/wp-content\/uploads\/2025\/06\/DUEG_sr-SINTONIA_AMB-06_LIVING_Sabbia_60x120_HR-1536x962.jpg 1536w\" sizes=\"(max-width: 2000px) 100vw, 2000px\" \/>\n                <\/div>\n                <\/a>\n                <div class=\"elementskit-box-body ekit-image-box-body\">\n                    <div class=\"elementskit-box-content ekit-image-box-body-inner\">\n                                                <h3 class=\"elementskit-info-box-title\">\n\n                        Sintonia\n                        \n                    <\/h3>\n                                                            <div class=\"elementskit-box-style-content\">\n                        La s\u00e9rie Sintonia repr\u00e9sente la synth\u00e8se parfaite de l'\u00e9l\u00e9gance et de la polyvalence, gr\u00e2ce \u00e0 ses tons d\u00e9licats et harmonieux. Ses surfaces raffin\u00e9es, inspir\u00e9es par la beaut\u00e9 authentique de la pierre naturelle, s'int\u00e8grent harmonieusement aux styles modernes, minimalistes ou plus traditionnels.                     <\/div>\n                                    <\/div>\n\n                            <\/div>\n            <\/div>\n    <\/div>\t\t\t\t<\/div>\n\t\t\t\t<\/div>\n\t\t\t\t<div class=\"elementor-element elementor-element-a3ee013 ekit-equal-height-enable elementor-widget elementor-widget-elementskit-image-box\" data-id=\"a3ee013\" data-element_type=\"widget\" data-widget_type=\"elementskit-image-box.default\">\n\t\t\t\t<div class=\"elementor-widget-container\">\n\t\t\t\t\t<div class=\"ekit-wid-con\" >\n            <div class=\"elementskit-info-image-box ekit-image-box text-center simple-card\" >\n\n                <a href=\"https:\/\/www.duegceramiche.com\/fr\/collections\/effet-de-pierre\/stone\/\">\n                <div class=\"elementskit-box-header image-box-img-center\">\n\n                    <img decoding=\"async\" width=\"1920\" height=\"1189\" src=\"https:\/\/www.duegceramiche.com\/wp-content\/uploads\/2024\/03\/DUEG_STONE_AMB-06_cucina_BEIGE_HR.jpg\" class=\"attachment-full size-full wp-image-190\" alt=\"\" srcset=\"https:\/\/www.duegceramiche.com\/wp-content\/uploads\/2024\/03\/DUEG_STONE_AMB-06_cucina_BEIGE_HR.jpg 1920w, https:\/\/www.duegceramiche.com\/wp-content\/uploads\/2024\/03\/DUEG_STONE_AMB-06_cucina_BEIGE_HR-300x186.jpg 300w, https:\/\/www.duegceramiche.com\/wp-content\/uploads\/2024\/03\/DUEG_STONE_AMB-06_cucina_BEIGE_HR-1024x634.jpg 1024w, https:\/\/www.duegceramiche.com\/wp-content\/uploads\/2024\/03\/DUEG_STONE_AMB-06_cucina_BEIGE_HR-768x476.jpg 768w, https:\/\/www.duegceramiche.com\/wp-content\/uploads\/2024\/03\/DUEG_STONE_AMB-06_cucina_BEIGE_HR-1536x951.jpg 1536w\" sizes=\"(max-width: 1920px) 100vw, 1920px\" \/>\n                <\/div>\n                <\/a>\n                <div class=\"elementskit-box-body ekit-image-box-body\">\n                    <div class=\"elementskit-box-content ekit-image-box-body-inner\">\n                                                <h3 class=\"elementskit-info-box-title\">\n\n                        Stone\n                        \n                    <\/h3>\n                                                            <div class=\"elementskit-box-style-content\">\n                        La beaut\u00e9 instinctive de la pierre exprime tout le potentiel du mat\u00e9riau c\u00e9ramique avec sobri\u00e9t\u00e9, polyvalence et \u00e9l\u00e9gance naturelle, en cr\u00e9ant des projets contemporains et des solutions architecturales int\u00e9rieures et ext\u00e9rieures parfaitement coordonn\u00e9es.                    <\/div>\n                                    <\/div>\n\n                            <\/div>\n            <\/div>\n    <\/div>\t\t\t\t<\/div>\n\t\t\t\t<\/div>\n\t\t\t\t<div class=\"elementor-element elementor-element-c6fbee9 ekit-equal-height-enable elementor-widget elementor-widget-elementskit-image-box\" data-id=\"c6fbee9\" data-element_type=\"widget\" data-widget_type=\"elementskit-image-box.default\">\n\t\t\t\t<div class=\"elementor-widget-container\">\n\t\t\t\t\t<div class=\"ekit-wid-con\" >\n            <div class=\"elementskit-info-image-box ekit-image-box text-center simple-card\" >\n\n                <a href=\"https:\/\/www.duegceramiche.com\/fr\/collections\/effet-de-pierre\/love-stone\/\">\n                <div class=\"elementskit-box-header image-box-img-center\">\n\n                    <img loading=\"lazy\" decoding=\"async\" width=\"1920\" height=\"1189\" src=\"https:\/\/www.duegceramiche.com\/wp-content\/uploads\/2024\/03\/DUEG_LOVESTONE_AMB-01_bagno_AVORIO_HR.jpg\" class=\"attachment-full size-full wp-image-237\" alt=\"\" srcset=\"https:\/\/www.duegceramiche.com\/wp-content\/uploads\/2024\/03\/DUEG_LOVESTONE_AMB-01_bagno_AVORIO_HR.jpg 1920w, https:\/\/www.duegceramiche.com\/wp-content\/uploads\/2024\/03\/DUEG_LOVESTONE_AMB-01_bagno_AVORIO_HR-300x186.jpg 300w, https:\/\/www.duegceramiche.com\/wp-content\/uploads\/2024\/03\/DUEG_LOVESTONE_AMB-01_bagno_AVORIO_HR-1024x634.jpg 1024w, https:\/\/www.duegceramiche.com\/wp-content\/uploads\/2024\/03\/DUEG_LOVESTONE_AMB-01_bagno_AVORIO_HR-768x476.jpg 768w, https:\/\/www.duegceramiche.com\/wp-content\/uploads\/2024\/03\/DUEG_LOVESTONE_AMB-01_bagno_AVORIO_HR-1536x951.jpg 1536w\" sizes=\"(max-width: 1920px) 100vw, 1920px\" \/>\n                <\/div>\n                <\/a>\n                <div class=\"elementskit-box-body ekit-image-box-body\">\n                    <div class=\"elementskit-box-content ekit-image-box-body-inner\">\n                                                <h3 class=\"elementskit-info-box-title\">\n\n                        Love Stone\n                        \n                    <\/h3>\n                                                            <div class=\"elementskit-box-style-content\">\n                        L'amour de la nature rencontre la magie d'un produit c\u00e9ramique capable de rev\u00eatir sols et surfaces verticales avec discr\u00e9tion et \u00e9l\u00e9gance. Des d\u00e9corations \u00e9galement inspir\u00e9es de la nature enrichissent la proposition.                     <\/div>\n                                    <\/div>\n\n                            <\/div>\n            <\/div>\n    <\/div>\t\t\t\t<\/div>\n\t\t\t\t<\/div>\n\t\t\t\t\t<\/div>\n\t\t\t\t<\/div>\n\t\t\t\t<\/div>\n\t\t","protected":false},"excerpt":{"rendered":"<p>PIERRES M\u00c9DITERRAN\u00c9ENNES Breccia Paradiso La beaut\u00e9 instinctive de la pierre exprime tout le potentiel du mat\u00e9riau c\u00e9ramique avec sobri\u00e9t\u00e9, polyvalence et \u00e9l\u00e9gance naturelle , en cr\u00e9ant des projets contemporains et des solutions architecturales d&rsquo;int\u00e9rieur et d&rsquo;ext\u00e9rieur parfaitement coordonn\u00e9es. Sintonia La s\u00e9rie Sintonia repr\u00e9sente la synth\u00e8se parfaite de l&rsquo;\u00e9l\u00e9gance et de la polyvalence, gr\u00e2ce \u00e0 ses [&hellip;]<\/p>\n","protected":false},"author":1,"featured_media":0,"parent":2773,"menu_order":0,"comment_status":"closed","ping_status":"closed","template":"","meta":{"footnotes":""},"class_list":["post-2769","page","type-page","status-publish","hentry"],"yoast_head":"<!-- This site is optimized with the Yoast SEO plugin v26.6 - https:\/\/yoast.com\/wordpress\/plugins\/seo\/ -->\n<title>Effet de pierre - Due G Ceramiche<\/title>\n<meta name=\"robots\" content=\"index, follow, max-snippet:-1, max-image-preview:large, max-video-preview:-1\" \/>\n<link rel=\"canonical\" href=\"https:\/\/www.duegceramiche.com\/fr\/collections\/effet-de-pierre\/\" \/>\n<meta property=\"og:locale\" content=\"fr_FR\" \/>\n<meta property=\"og:type\" content=\"article\" \/>\n<meta property=\"og:title\" content=\"Effet de pierre - Due G Ceramiche\" \/>\n<meta property=\"og:description\" content=\"PIERRES M\u00c9DITERRAN\u00c9ENNES Breccia Paradiso La beaut\u00e9 instinctive de la pierre exprime tout le potentiel du mat\u00e9riau c\u00e9ramique avec sobri\u00e9t\u00e9, polyvalence et \u00e9l\u00e9gance naturelle , en cr\u00e9ant des projets contemporains et des solutions architecturales d&rsquo;int\u00e9rieur et d&rsquo;ext\u00e9rieur parfaitement coordonn\u00e9es. Sintonia La s\u00e9rie Sintonia repr\u00e9sente la synth\u00e8se parfaite de l&rsquo;\u00e9l\u00e9gance et de la polyvalence, gr\u00e2ce \u00e0 ses [&hellip;]\" \/>\n<meta property=\"og:url\" content=\"https:\/\/www.duegceramiche.com\/fr\/collections\/effet-de-pierre\/\" \/>\n<meta property=\"og:site_name\" content=\"Due G Ceramiche\" \/>\n<meta property=\"article:publisher\" content=\"https:\/\/www.facebook.com\/duegceramiche\" \/>\n<meta property=\"article:modified_time\" content=\"2025-10-17T13:23:30+00:00\" \/>\n<meta property=\"og:image\" content=\"https:\/\/www.duegceramiche.com\/wp-content\/uploads\/2025\/06\/DUE_G_sr-BRECCIA-PARADISO_AMB-01_Living_BROWN_120x120_120x280_HR.jpg\" \/>\n\t<meta property=\"og:image:width\" content=\"2000\" \/>\n\t<meta property=\"og:image:height\" content=\"1253\" \/>\n\t<meta property=\"og:image:type\" content=\"image\/jpeg\" \/>\n<meta name=\"twitter:card\" content=\"summary_large_image\" \/>\n<meta name=\"twitter:label1\" content=\"Dur\u00e9e de lecture estim\u00e9e\" \/>\n\t<meta name=\"twitter:data1\" content=\"1 minute\" \/>\n<script type=\"application\/ld+json\" class=\"yoast-schema-graph\">{\"@context\":\"https:\/\/schema.org\",\"@graph\":[{\"@type\":\"WebPage\",\"@id\":\"https:\/\/www.duegceramiche.com\/fr\/collections\/effet-de-pierre\/\",\"url\":\"https:\/\/www.duegceramiche.com\/fr\/collections\/effet-de-pierre\/\",\"name\":\"Effet de pierre - Due G Ceramiche\",\"isPartOf\":{\"@id\":\"https:\/\/www.duegceramiche.com\/#website\"},\"primaryImageOfPage\":{\"@id\":\"https:\/\/www.duegceramiche.com\/fr\/collections\/effet-de-pierre\/#primaryimage\"},\"image\":{\"@id\":\"https:\/\/www.duegceramiche.com\/fr\/collections\/effet-de-pierre\/#primaryimage\"},\"thumbnailUrl\":\"https:\/\/www.duegceramiche.com\/wp-content\/uploads\/2025\/06\/DUE_G_sr-BRECCIA-PARADISO_AMB-01_Living_BROWN_120x120_120x280_HR.jpg\",\"datePublished\":\"2024-05-02T18:47:55+00:00\",\"dateModified\":\"2025-10-17T13:23:30+00:00\",\"breadcrumb\":{\"@id\":\"https:\/\/www.duegceramiche.com\/fr\/collections\/effet-de-pierre\/#breadcrumb\"},\"inLanguage\":\"fr-FR\",\"potentialAction\":[{\"@type\":\"ReadAction\",\"target\":[\"https:\/\/www.duegceramiche.com\/fr\/collections\/effet-de-pierre\/\"]}]},{\"@type\":\"ImageObject\",\"inLanguage\":\"fr-FR\",\"@id\":\"https:\/\/www.duegceramiche.com\/fr\/collections\/effet-de-pierre\/#primaryimage\",\"url\":\"https:\/\/www.duegceramiche.com\/wp-content\/uploads\/2025\/06\/DUE_G_sr-BRECCIA-PARADISO_AMB-01_Living_BROWN_120x120_120x280_HR.jpg\",\"contentUrl\":\"https:\/\/www.duegceramiche.com\/wp-content\/uploads\/2025\/06\/DUE_G_sr-BRECCIA-PARADISO_AMB-01_Living_BROWN_120x120_120x280_HR.jpg\"},{\"@type\":\"BreadcrumbList\",\"@id\":\"https:\/\/www.duegceramiche.com\/fr\/collections\/effet-de-pierre\/#breadcrumb\",\"itemListElement\":[{\"@type\":\"ListItem\",\"position\":1,\"name\":\"Home\",\"item\":\"https:\/\/www.duegceramiche.com\/fr\/accueil\/\"},{\"@type\":\"ListItem\",\"position\":2,\"name\":\"Collections\",\"item\":\"https:\/\/www.duegceramiche.com\/fr\/collections\/\"},{\"@type\":\"ListItem\",\"position\":3,\"name\":\"Effet de pierre\"}]},{\"@type\":\"WebSite\",\"@id\":\"https:\/\/www.duegceramiche.com\/#website\",\"url\":\"https:\/\/www.duegceramiche.com\/\",\"name\":\"Due G Ceramiche\",\"description\":\"Due G Ceramiche, piastrelle in gres porcellanato di design Made in Italy.\",\"publisher\":{\"@id\":\"https:\/\/www.duegceramiche.com\/#organization\"},\"alternateName\":\"Due G Ceramiche\",\"potentialAction\":[{\"@type\":\"SearchAction\",\"target\":{\"@type\":\"EntryPoint\",\"urlTemplate\":\"https:\/\/www.duegceramiche.com\/?s={search_term_string}\"},\"query-input\":{\"@type\":\"PropertyValueSpecification\",\"valueRequired\":true,\"valueName\":\"search_term_string\"}}],\"inLanguage\":\"fr-FR\"},{\"@type\":\"Organization\",\"@id\":\"https:\/\/www.duegceramiche.com\/#organization\",\"name\":\"Due G Ceramiche\",\"url\":\"https:\/\/www.duegceramiche.com\/\",\"logo\":{\"@type\":\"ImageObject\",\"inLanguage\":\"fr-FR\",\"@id\":\"https:\/\/www.duegceramiche.com\/#\/schema\/logo\/image\/\",\"url\":\"https:\/\/www.duegceramiche.com\/wp-content\/uploads\/2024\/05\/cropped-Favicon.png\",\"contentUrl\":\"https:\/\/www.duegceramiche.com\/wp-content\/uploads\/2024\/05\/cropped-Favicon.png\",\"width\":512,\"height\":512,\"caption\":\"Due G Ceramiche\"},\"image\":{\"@id\":\"https:\/\/www.duegceramiche.com\/#\/schema\/logo\/image\/\"},\"sameAs\":[\"https:\/\/www.facebook.com\/duegceramiche\",\"https:\/\/www.linkedin.com\/company\/due-g-ceramiche\",\"https:\/\/www.instagram.com\/duegceramiche\/\"]}]}<\/script>\n<!-- \/ Yoast SEO plugin. -->","yoast_head_json":{"title":"Effet de pierre - Due G Ceramiche","robots":{"index":"index","follow":"follow","max-snippet":"max-snippet:-1","max-image-preview":"max-image-preview:large","max-video-preview":"max-video-preview:-1"},"canonical":"https:\/\/www.duegceramiche.com\/fr\/collections\/effet-de-pierre\/","og_locale":"fr_FR","og_type":"article","og_title":"Effet de pierre - Due G Ceramiche","og_description":"PIERRES M\u00c9DITERRAN\u00c9ENNES Breccia Paradiso La beaut\u00e9 instinctive de la pierre exprime tout le potentiel du mat\u00e9riau c\u00e9ramique avec sobri\u00e9t\u00e9, polyvalence et \u00e9l\u00e9gance naturelle , en cr\u00e9ant des projets contemporains et des solutions architecturales d&rsquo;int\u00e9rieur et d&rsquo;ext\u00e9rieur parfaitement coordonn\u00e9es. Sintonia La s\u00e9rie Sintonia repr\u00e9sente la synth\u00e8se parfaite de l&rsquo;\u00e9l\u00e9gance et de la polyvalence, gr\u00e2ce \u00e0 ses [&hellip;]","og_url":"https:\/\/www.duegceramiche.com\/fr\/collections\/effet-de-pierre\/","og_site_name":"Due G Ceramiche","article_publisher":"https:\/\/www.facebook.com\/duegceramiche","article_modified_time":"2025-10-17T13:23:30+00:00","og_image":[{"width":2000,"height":1253,"url":"https:\/\/www.duegceramiche.com\/wp-content\/uploads\/2025\/06\/DUE_G_sr-BRECCIA-PARADISO_AMB-01_Living_BROWN_120x120_120x280_HR.jpg","type":"image\/jpeg"}],"twitter_card":"summary_large_image","twitter_misc":{"Dur\u00e9e de lecture estim\u00e9e":"1 minute"},"schema":{"@context":"https:\/\/schema.org","@graph":[{"@type":"WebPage","@id":"https:\/\/www.duegceramiche.com\/fr\/collections\/effet-de-pierre\/","url":"https:\/\/www.duegceramiche.com\/fr\/collections\/effet-de-pierre\/","name":"Effet de pierre - Due G Ceramiche","isPartOf":{"@id":"https:\/\/www.duegceramiche.com\/#website"},"primaryImageOfPage":{"@id":"https:\/\/www.duegceramiche.com\/fr\/collections\/effet-de-pierre\/#primaryimage"},"image":{"@id":"https:\/\/www.duegceramiche.com\/fr\/collections\/effet-de-pierre\/#primaryimage"},"thumbnailUrl":"https:\/\/www.duegceramiche.com\/wp-content\/uploads\/2025\/06\/DUE_G_sr-BRECCIA-PARADISO_AMB-01_Living_BROWN_120x120_120x280_HR.jpg","datePublished":"2024-05-02T18:47:55+00:00","dateModified":"2025-10-17T13:23:30+00:00","breadcrumb":{"@id":"https:\/\/www.duegceramiche.com\/fr\/collections\/effet-de-pierre\/#breadcrumb"},"inLanguage":"fr-FR","potentialAction":[{"@type":"ReadAction","target":["https:\/\/www.duegceramiche.com\/fr\/collections\/effet-de-pierre\/"]}]},{"@type":"ImageObject","inLanguage":"fr-FR","@id":"https:\/\/www.duegceramiche.com\/fr\/collections\/effet-de-pierre\/#primaryimage","url":"https:\/\/www.duegceramiche.com\/wp-content\/uploads\/2025\/06\/DUE_G_sr-BRECCIA-PARADISO_AMB-01_Living_BROWN_120x120_120x280_HR.jpg","contentUrl":"https:\/\/www.duegceramiche.com\/wp-content\/uploads\/2025\/06\/DUE_G_sr-BRECCIA-PARADISO_AMB-01_Living_BROWN_120x120_120x280_HR.jpg"},{"@type":"BreadcrumbList","@id":"https:\/\/www.duegceramiche.com\/fr\/collections\/effet-de-pierre\/#breadcrumb","itemListElement":[{"@type":"ListItem","position":1,"name":"Home","item":"https:\/\/www.duegceramiche.com\/fr\/accueil\/"},{"@type":"ListItem","position":2,"name":"Collections","item":"https:\/\/www.duegceramiche.com\/fr\/collections\/"},{"@type":"ListItem","position":3,"name":"Effet de pierre"}]},{"@type":"WebSite","@id":"https:\/\/www.duegceramiche.com\/#website","url":"https:\/\/www.duegceramiche.com\/","name":"Due G Ceramiche","description":"Due G Ceramiche, piastrelle in gres porcellanato di design Made in Italy.","publisher":{"@id":"https:\/\/www.duegceramiche.com\/#organization"},"alternateName":"Due G Ceramiche","potentialAction":[{"@type":"SearchAction","target":{"@type":"EntryPoint","urlTemplate":"https:\/\/www.duegceramiche.com\/?s={search_term_string}"},"query-input":{"@type":"PropertyValueSpecification","valueRequired":true,"valueName":"search_term_string"}}],"inLanguage":"fr-FR"},{"@type":"Organization","@id":"https:\/\/www.duegceramiche.com\/#organization","name":"Due G Ceramiche","url":"https:\/\/www.duegceramiche.com\/","logo":{"@type":"ImageObject","inLanguage":"fr-FR","@id":"https:\/\/www.duegceramiche.com\/#\/schema\/logo\/image\/","url":"https:\/\/www.duegceramiche.com\/wp-content\/uploads\/2024\/05\/cropped-Favicon.png","contentUrl":"https:\/\/www.duegceramiche.com\/wp-content\/uploads\/2024\/05\/cropped-Favicon.png","width":512,"height":512,"caption":"Due G Ceramiche"},"image":{"@id":"https:\/\/www.duegceramiche.com\/#\/schema\/logo\/image\/"},"sameAs":["https:\/\/www.facebook.com\/duegceramiche","https:\/\/www.linkedin.com\/company\/due-g-ceramiche","https:\/\/www.instagram.com\/duegceramiche\/"]}]}},"_links":{"self":[{"href":"https:\/\/www.duegceramiche.com\/fr\/wp-json\/wp\/v2\/pages\/2769","targetHints":{"allow":["GET"]}}],"collection":[{"href":"https:\/\/www.duegceramiche.com\/fr\/wp-json\/wp\/v2\/pages"}],"about":[{"href":"https:\/\/www.duegceramiche.com\/fr\/wp-json\/wp\/v2\/types\/page"}],"author":[{"embeddable":true,"href":"https:\/\/www.duegceramiche.com\/fr\/wp-json\/wp\/v2\/users\/1"}],"replies":[{"embeddable":true,"href":"https:\/\/www.duegceramiche.com\/fr\/wp-json\/wp\/v2\/comments?post=2769"}],"version-history":[{"count":7,"href":"https:\/\/www.duegceramiche.com\/fr\/wp-json\/wp\/v2\/pages\/2769\/revisions"}],"predecessor-version":[{"id":3527,"href":"https:\/\/www.duegceramiche.com\/fr\/wp-json\/wp\/v2\/pages\/2769\/revisions\/3527"}],"up":[{"embeddable":true,"href":"https:\/\/www.duegceramiche.com\/fr\/wp-json\/wp\/v2\/pages\/2773"}],"wp:attachment":[{"href":"https:\/\/www.duegceramiche.com\/fr\/wp-json\/wp\/v2\/media?parent=2769"}],"curies":[{"name":"wp","href":"https:\/\/api.w.org\/{rel}","templated":true}]}}