{"id":2765,"date":"2024-05-15T09:56:54","date_gmt":"2024-05-15T09:56:54","guid":{"rendered":"https:\/\/www.duegceramiche.com\/effet-bois\/"},"modified":"2024-09-21T09:09:30","modified_gmt":"2024-09-21T09:09:30","slug":"effet-bois","status":"publish","type":"page","link":"https:\/\/www.duegceramiche.com\/fr\/collections\/effet-bois\/","title":{"rendered":"Effet bois"},"content":{"rendered":"\t\t<div data-elementor-type=\"wp-page\" data-elementor-id=\"2765\" class=\"elementor elementor-2765 elementor-898\" data-elementor-post-type=\"page\">\n\t\t\t\t\t\t<section class=\"elementor-section elementor-top-section elementor-element elementor-element-3c00ddca elementor-section-content-middle elementor-section-boxed elementor-section-height-default elementor-section-height-default\" data-id=\"3c00ddca\" data-element_type=\"section\" data-settings=\"{&quot;background_background&quot;:&quot;classic&quot;,&quot;jet_parallax_layout_list&quot;:[]}\">\n\t\t\t\t\t\t\t<div class=\"elementor-background-overlay\"><\/div>\n\t\t\t\t\t\t\t<div class=\"elementor-container elementor-column-gap-default\">\n\t\t\t\t\t<div class=\"elementor-column elementor-col-100 elementor-top-column elementor-element elementor-element-459c9be8\" data-id=\"459c9be8\" data-element_type=\"column\">\n\t\t\t<div class=\"elementor-widget-wrap elementor-element-populated\">\n\t\t\t\t\t\t<div class=\"elementor-element elementor-element-6c812beb elementor-widget elementor-widget-heading\" data-id=\"6c812beb\" data-element_type=\"widget\" data-widget_type=\"heading.default\">\n\t\t\t\t<div class=\"elementor-widget-container\">\n\t\t\t\t\t<h2 class=\"elementor-heading-title elementor-size-default\">LEGNI DI PREGIO<\/h2>\t\t\t\t<\/div>\n\t\t\t\t<\/div>\n\t\t\t\t\t<\/div>\n\t\t<\/div>\n\t\t\t\t\t<\/div>\n\t\t<\/section>\n\t\t<div class=\"elementor-element elementor-element-cffb054 e-grid e-con-boxed e-con e-parent\" data-id=\"cffb054\" data-element_type=\"container\" data-settings=\"{&quot;jet_parallax_layout_list&quot;:[]}\">\n\t\t\t\t\t<div class=\"e-con-inner\">\n\t\t\t\t<div class=\"elementor-element elementor-element-b010d06 ekit-equal-height-enable elementor-widget elementor-widget-elementskit-image-box\" data-id=\"b010d06\" data-element_type=\"widget\" data-widget_type=\"elementskit-image-box.default\">\n\t\t\t\t<div class=\"elementor-widget-container\">\n\t\t\t\t\t<div class=\"ekit-wid-con\" >\n            <div class=\"elementskit-info-image-box ekit-image-box text-center simple-card\" >\n\n                <a href=\"https:\/\/www.duegceramiche.com\/fr\/g_wood\/\">\n                <div class=\"elementskit-box-header image-box-img-center\">\n\n                    <img fetchpriority=\"high\" decoding=\"async\" width=\"1920\" height=\"1188\" src=\"https:\/\/www.duegceramiche.com\/wp-content\/uploads\/2024\/03\/DueG_Gwood_Betulla-Matt_Betulla-Touch_Living.jpg\" class=\"attachment-full size-full wp-image-121\" alt=\"\" srcset=\"https:\/\/www.duegceramiche.com\/wp-content\/uploads\/2024\/03\/DueG_Gwood_Betulla-Matt_Betulla-Touch_Living.jpg 1920w, https:\/\/www.duegceramiche.com\/wp-content\/uploads\/2024\/03\/DueG_Gwood_Betulla-Matt_Betulla-Touch_Living-300x186.jpg 300w, https:\/\/www.duegceramiche.com\/wp-content\/uploads\/2024\/03\/DueG_Gwood_Betulla-Matt_Betulla-Touch_Living-1024x634.jpg 1024w, https:\/\/www.duegceramiche.com\/wp-content\/uploads\/2024\/03\/DueG_Gwood_Betulla-Matt_Betulla-Touch_Living-768x475.jpg 768w, https:\/\/www.duegceramiche.com\/wp-content\/uploads\/2024\/03\/DueG_Gwood_Betulla-Matt_Betulla-Touch_Living-1536x950.jpg 1536w\" sizes=\"(max-width: 1920px) 100vw, 1920px\" \/>\n                <\/div>\n                <\/a>\n                <div class=\"elementskit-box-body ekit-image-box-body\">\n                    <div class=\"elementskit-box-content ekit-image-box-body-inner\">\n                                                <h3 class=\"elementskit-info-box-title\">\n\n                        G_Wood\n                        \n                    <\/h3>\n                                                            <div class=\"elementskit-box-style-content\">\n                        Une nouvelle identit\u00e9 visuelle pour cette collection \u00e0 l'ambiance moderne et \u00e9pur\u00e9e qui, outre les nuances plus d\u00e9licates du bois, propose deux teintes fra\u00eeches et originales, Giada et Fiordaliso.                      <\/div>\n                                    <\/div>\n\n                            <\/div>\n            <\/div>\n    <\/div>\t\t\t\t<\/div>\n\t\t\t\t<\/div>\n\t\t\t\t<div class=\"elementor-element elementor-element-2e6cc7e ekit-equal-height-enable elementor-widget elementor-widget-elementskit-image-box\" data-id=\"2e6cc7e\" data-element_type=\"widget\" data-widget_type=\"elementskit-image-box.default\">\n\t\t\t\t<div class=\"elementor-widget-container\">\n\t\t\t\t\t<div class=\"ekit-wid-con\" >\n            <div class=\"elementskit-info-image-box ekit-image-box text-center simple-card\" >\n\n                <a href=\"https:\/\/www.duegceramiche.com\/fr\/collections\/effet-bois\/wonder\/\">\n                <div class=\"elementskit-box-header image-box-img-center\">\n\n                    <img decoding=\"async\" width=\"1920\" height=\"1179\" src=\"https:\/\/www.duegceramiche.com\/wp-content\/uploads\/2024\/03\/DueG_Wonder_Cinnamon-Matt_Dream-JAdore-Lev_Bagno_Closeup01.jpg\" class=\"attachment-full size-full wp-image-161\" alt=\"\" srcset=\"https:\/\/www.duegceramiche.com\/wp-content\/uploads\/2024\/03\/DueG_Wonder_Cinnamon-Matt_Dream-JAdore-Lev_Bagno_Closeup01.jpg 1920w, https:\/\/www.duegceramiche.com\/wp-content\/uploads\/2024\/03\/DueG_Wonder_Cinnamon-Matt_Dream-JAdore-Lev_Bagno_Closeup01-300x184.jpg 300w, https:\/\/www.duegceramiche.com\/wp-content\/uploads\/2024\/03\/DueG_Wonder_Cinnamon-Matt_Dream-JAdore-Lev_Bagno_Closeup01-1024x629.jpg 1024w, https:\/\/www.duegceramiche.com\/wp-content\/uploads\/2024\/03\/DueG_Wonder_Cinnamon-Matt_Dream-JAdore-Lev_Bagno_Closeup01-768x472.jpg 768w, https:\/\/www.duegceramiche.com\/wp-content\/uploads\/2024\/03\/DueG_Wonder_Cinnamon-Matt_Dream-JAdore-Lev_Bagno_Closeup01-1536x943.jpg 1536w\" sizes=\"(max-width: 1920px) 100vw, 1920px\" \/>\n                <\/div>\n                <\/a>\n                <div class=\"elementskit-box-body ekit-image-box-body\">\n                    <div class=\"elementskit-box-content ekit-image-box-body-inner\">\n                                                <h3 class=\"elementskit-info-box-title\">\n\n                        Wonder\n                        \n                    <\/h3>\n                                                            <div class=\"elementskit-box-style-content\">\n                        L'amour de la nature rencontre la magie d'un produit c\u00e9ramique capable de rev\u00eatir les sols et les surfaces verticales avec discr\u00e9tion et \u00e9l\u00e9gance.\nDes d\u00e9corations \u00e9galement inspir\u00e9es de la nature enrichissent la proposition.                     <\/div>\n                                    <\/div>\n\n                            <\/div>\n            <\/div>\n    <\/div>\t\t\t\t<\/div>\n\t\t\t\t<\/div>\n\t\t\t\t<div class=\"elementor-element elementor-element-357c5f0 ekit-equal-height-enable elementor-widget elementor-widget-elementskit-image-box\" data-id=\"357c5f0\" data-element_type=\"widget\" data-widget_type=\"elementskit-image-box.default\">\n\t\t\t\t<div class=\"elementor-widget-container\">\n\t\t\t\t\t<div class=\"ekit-wid-con\" >\n            <div class=\"elementskit-info-image-box ekit-image-box text-center simple-card\" >\n\n                <a href=\"https:\/\/www.duegceramiche.com\/fr\/unika\/\">\n                <div class=\"elementskit-box-header image-box-img-center\">\n\n                    <img decoding=\"async\" width=\"1920\" height=\"1214\" src=\"https:\/\/www.duegceramiche.com\/wp-content\/uploads\/2024\/03\/DueG_Unika_Walnut-Touch_Walnut-Matt_Dream-Hermitage-Lev_Living.jpg\" class=\"attachment-full size-full wp-image-180\" alt=\"\" srcset=\"https:\/\/www.duegceramiche.com\/wp-content\/uploads\/2024\/03\/DueG_Unika_Walnut-Touch_Walnut-Matt_Dream-Hermitage-Lev_Living.jpg 1920w, https:\/\/www.duegceramiche.com\/wp-content\/uploads\/2024\/03\/DueG_Unika_Walnut-Touch_Walnut-Matt_Dream-Hermitage-Lev_Living-300x190.jpg 300w, https:\/\/www.duegceramiche.com\/wp-content\/uploads\/2024\/03\/DueG_Unika_Walnut-Touch_Walnut-Matt_Dream-Hermitage-Lev_Living-1024x647.jpg 1024w, https:\/\/www.duegceramiche.com\/wp-content\/uploads\/2024\/03\/DueG_Unika_Walnut-Touch_Walnut-Matt_Dream-Hermitage-Lev_Living-768x486.jpg 768w, https:\/\/www.duegceramiche.com\/wp-content\/uploads\/2024\/03\/DueG_Unika_Walnut-Touch_Walnut-Matt_Dream-Hermitage-Lev_Living-1536x971.jpg 1536w\" sizes=\"(max-width: 1920px) 100vw, 1920px\" \/>\n                <\/div>\n                <\/a>\n                <div class=\"elementskit-box-body ekit-image-box-body\">\n                    <div class=\"elementskit-box-content ekit-image-box-body-inner\">\n                                                <h3 class=\"elementskit-info-box-title\">\n\n                        Unika\n                        \n                    <\/h3>\n                                                            <div class=\"elementskit-box-style-content\">\n                        Entourez-vous de nature, \u00e0 l'int\u00e9rieur et \u00e0 l'ext\u00e9rieur de vos espaces de vie, gr\u00e2ce \u00e0 une proposition qui interpr\u00e8te un mat\u00e9riau chaleureux et \u00e9l\u00e9gant, toujours actuel, le bois, d\u00e9cod\u00e9 dans son aspect le plus vintage.                    <\/div>\n                                    <\/div>\n\n                            <\/div>\n            <\/div>\n    <\/div>\t\t\t\t<\/div>\n\t\t\t\t<\/div>\n\t\t\t\t\t<\/div>\n\t\t\t\t<\/div>\n\t\t<div class=\"elementor-element elementor-element-7a05de4 e-grid e-con-boxed e-con e-parent\" data-id=\"7a05de4\" data-element_type=\"container\" data-settings=\"{&quot;jet_parallax_layout_list&quot;:[]}\">\n\t\t\t\t\t<div class=\"e-con-inner\">\n\t\t\t\t<div class=\"elementor-element elementor-element-a8084db ekit-equal-height-enable elementor-widget elementor-widget-elementskit-image-box\" data-id=\"a8084db\" data-element_type=\"widget\" data-widget_type=\"elementskit-image-box.default\">\n\t\t\t\t<div class=\"elementor-widget-container\">\n\t\t\t\t\t<div class=\"ekit-wid-con\" >\n            <div class=\"elementskit-info-image-box ekit-image-box text-center simple-card\" >\n\n                <a href=\"https:\/\/www.duegceramiche.com\/fr\/xilo\/\">\n                <div class=\"elementskit-box-header image-box-img-center\">\n\n                    <img fetchpriority=\"high\" decoding=\"async\" width=\"1920\" height=\"1188\" src=\"https:\/\/www.duegceramiche.com\/wp-content\/uploads\/2024\/03\/DueG_Gwood_Betulla-Matt_Betulla-Touch_Living.jpg\" class=\"attachment-full size-full wp-image-121\" alt=\"\" srcset=\"https:\/\/www.duegceramiche.com\/wp-content\/uploads\/2024\/03\/DueG_Gwood_Betulla-Matt_Betulla-Touch_Living.jpg 1920w, https:\/\/www.duegceramiche.com\/wp-content\/uploads\/2024\/03\/DueG_Gwood_Betulla-Matt_Betulla-Touch_Living-300x186.jpg 300w, https:\/\/www.duegceramiche.com\/wp-content\/uploads\/2024\/03\/DueG_Gwood_Betulla-Matt_Betulla-Touch_Living-1024x634.jpg 1024w, https:\/\/www.duegceramiche.com\/wp-content\/uploads\/2024\/03\/DueG_Gwood_Betulla-Matt_Betulla-Touch_Living-768x475.jpg 768w, https:\/\/www.duegceramiche.com\/wp-content\/uploads\/2024\/03\/DueG_Gwood_Betulla-Matt_Betulla-Touch_Living-1536x950.jpg 1536w\" sizes=\"(max-width: 1920px) 100vw, 1920px\" \/>\n                <\/div>\n                <\/a>\n                <div class=\"elementskit-box-body ekit-image-box-body\">\n                    <div class=\"elementskit-box-content ekit-image-box-body-inner\">\n                                                <h3 class=\"elementskit-info-box-title\">\n\n                        Xilo\n                        \n                    <\/h3>\n                                                            <div class=\"elementskit-box-style-content\">\n                        Une invitation \u00e0 vivre vos espaces en harmonie et sans exc\u00e8s.\nLa texture, d\u00e9clin\u00e9e dans la seule finition mate, est douce, homog\u00e8ne et avec peu de contrastes de couleurs, des caract\u00e9ristiques qui la rendent parfaite pour diff\u00e9rentes interpr\u00e9tations de style et d'int\u00e9rieur.                     <\/div>\n                                    <\/div>\n\n                            <\/div>\n            <\/div>\n    <\/div>\t\t\t\t<\/div>\n\t\t\t\t<\/div>\n\t\t\t\t\t<\/div>\n\t\t\t\t<\/div>\n\t\t<div class=\"elementor-element elementor-element-bc425e3 e-grid e-con-boxed e-con e-parent\" data-id=\"bc425e3\" data-element_type=\"container\" data-settings=\"{&quot;jet_parallax_layout_list&quot;:[]}\">\n\t\t\t\t\t<div class=\"e-con-inner\">\n\t\t\t\t\t<\/div>\n\t\t\t\t<\/div>\n\t\t\t\t<\/div>\n\t\t","protected":false},"excerpt":{"rendered":"<p>LEGNI DI PREGIO G_Wood Une nouvelle identit\u00e9 visuelle pour cette collection \u00e0 l&rsquo;ambiance moderne et \u00e9pur\u00e9e qui, outre les nuances plus d\u00e9licates du bois, propose deux teintes fra\u00eeches et originales, Giada et Fiordaliso. Wonder L&rsquo;amour de la nature rencontre la magie d&rsquo;un produit c\u00e9ramique capable de rev\u00eatir les sols et les surfaces verticales avec discr\u00e9tion [&hellip;]<\/p>\n","protected":false},"author":1,"featured_media":0,"parent":2773,"menu_order":0,"comment_status":"closed","ping_status":"closed","template":"","meta":{"footnotes":""},"class_list":["post-2765","page","type-page","status-publish","hentry"],"yoast_head":"<!-- This site is optimized with the Yoast SEO plugin v26.6 - https:\/\/yoast.com\/wordpress\/plugins\/seo\/ -->\n<title>Effet bois - Due G Ceramiche<\/title>\n<meta name=\"robots\" content=\"index, follow, max-snippet:-1, max-image-preview:large, max-video-preview:-1\" \/>\n<link rel=\"canonical\" href=\"https:\/\/www.duegceramiche.com\/fr\/collections\/effet-bois\/\" \/>\n<meta property=\"og:locale\" content=\"fr_FR\" \/>\n<meta property=\"og:type\" content=\"article\" \/>\n<meta property=\"og:title\" content=\"Effet bois - Due G Ceramiche\" \/>\n<meta property=\"og:description\" content=\"LEGNI DI PREGIO G_Wood Une nouvelle identit\u00e9 visuelle pour cette collection \u00e0 l&rsquo;ambiance moderne et \u00e9pur\u00e9e qui, outre les nuances plus d\u00e9licates du bois, propose deux teintes fra\u00eeches et originales, Giada et Fiordaliso. Wonder L&rsquo;amour de la nature rencontre la magie d&rsquo;un produit c\u00e9ramique capable de rev\u00eatir les sols et les surfaces verticales avec discr\u00e9tion [&hellip;]\" \/>\n<meta property=\"og:url\" content=\"https:\/\/www.duegceramiche.com\/fr\/collections\/effet-bois\/\" \/>\n<meta property=\"og:site_name\" content=\"Due G Ceramiche\" \/>\n<meta property=\"article:publisher\" content=\"https:\/\/www.facebook.com\/duegceramiche\" \/>\n<meta property=\"article:modified_time\" content=\"2024-09-21T09:09:30+00:00\" \/>\n<meta property=\"og:image\" content=\"https:\/\/www.duegceramiche.com\/wp-content\/uploads\/2024\/03\/DueG_Gwood_Betulla-Matt_Betulla-Touch_Living.jpg\" \/>\n\t<meta property=\"og:image:width\" content=\"1920\" \/>\n\t<meta property=\"og:image:height\" content=\"1188\" \/>\n\t<meta property=\"og:image:type\" content=\"image\/jpeg\" \/>\n<meta name=\"twitter:card\" content=\"summary_large_image\" \/>\n<meta name=\"twitter:label1\" content=\"Dur\u00e9e de lecture estim\u00e9e\" \/>\n\t<meta name=\"twitter:data1\" content=\"1 minute\" \/>\n<script type=\"application\/ld+json\" class=\"yoast-schema-graph\">{\"@context\":\"https:\/\/schema.org\",\"@graph\":[{\"@type\":\"WebPage\",\"@id\":\"https:\/\/www.duegceramiche.com\/fr\/collections\/effet-bois\/\",\"url\":\"https:\/\/www.duegceramiche.com\/fr\/collections\/effet-bois\/\",\"name\":\"Effet bois - Due G Ceramiche\",\"isPartOf\":{\"@id\":\"https:\/\/www.duegceramiche.com\/#website\"},\"primaryImageOfPage\":{\"@id\":\"https:\/\/www.duegceramiche.com\/fr\/collections\/effet-bois\/#primaryimage\"},\"image\":{\"@id\":\"https:\/\/www.duegceramiche.com\/fr\/collections\/effet-bois\/#primaryimage\"},\"thumbnailUrl\":\"https:\/\/www.duegceramiche.com\/wp-content\/uploads\/2024\/03\/DueG_Gwood_Betulla-Matt_Betulla-Touch_Living.jpg\",\"datePublished\":\"2024-05-15T09:56:54+00:00\",\"dateModified\":\"2024-09-21T09:09:30+00:00\",\"breadcrumb\":{\"@id\":\"https:\/\/www.duegceramiche.com\/fr\/collections\/effet-bois\/#breadcrumb\"},\"inLanguage\":\"fr-FR\",\"potentialAction\":[{\"@type\":\"ReadAction\",\"target\":[\"https:\/\/www.duegceramiche.com\/fr\/collections\/effet-bois\/\"]}]},{\"@type\":\"ImageObject\",\"inLanguage\":\"fr-FR\",\"@id\":\"https:\/\/www.duegceramiche.com\/fr\/collections\/effet-bois\/#primaryimage\",\"url\":\"https:\/\/www.duegceramiche.com\/wp-content\/uploads\/2024\/03\/DueG_Gwood_Betulla-Matt_Betulla-Touch_Living.jpg\",\"contentUrl\":\"https:\/\/www.duegceramiche.com\/wp-content\/uploads\/2024\/03\/DueG_Gwood_Betulla-Matt_Betulla-Touch_Living.jpg\"},{\"@type\":\"BreadcrumbList\",\"@id\":\"https:\/\/www.duegceramiche.com\/fr\/collections\/effet-bois\/#breadcrumb\",\"itemListElement\":[{\"@type\":\"ListItem\",\"position\":1,\"name\":\"Home\",\"item\":\"https:\/\/www.duegceramiche.com\/fr\/accueil\/\"},{\"@type\":\"ListItem\",\"position\":2,\"name\":\"Collections\",\"item\":\"https:\/\/www.duegceramiche.com\/fr\/collections\/\"},{\"@type\":\"ListItem\",\"position\":3,\"name\":\"Effet bois\"}]},{\"@type\":\"WebSite\",\"@id\":\"https:\/\/www.duegceramiche.com\/#website\",\"url\":\"https:\/\/www.duegceramiche.com\/\",\"name\":\"Due G Ceramiche\",\"description\":\"Due G Ceramiche, piastrelle in gres porcellanato di design Made in Italy.\",\"publisher\":{\"@id\":\"https:\/\/www.duegceramiche.com\/#organization\"},\"alternateName\":\"Due G Ceramiche\",\"potentialAction\":[{\"@type\":\"SearchAction\",\"target\":{\"@type\":\"EntryPoint\",\"urlTemplate\":\"https:\/\/www.duegceramiche.com\/?s={search_term_string}\"},\"query-input\":{\"@type\":\"PropertyValueSpecification\",\"valueRequired\":true,\"valueName\":\"search_term_string\"}}],\"inLanguage\":\"fr-FR\"},{\"@type\":\"Organization\",\"@id\":\"https:\/\/www.duegceramiche.com\/#organization\",\"name\":\"Due G Ceramiche\",\"url\":\"https:\/\/www.duegceramiche.com\/\",\"logo\":{\"@type\":\"ImageObject\",\"inLanguage\":\"fr-FR\",\"@id\":\"https:\/\/www.duegceramiche.com\/#\/schema\/logo\/image\/\",\"url\":\"https:\/\/www.duegceramiche.com\/wp-content\/uploads\/2024\/05\/cropped-Favicon.png\",\"contentUrl\":\"https:\/\/www.duegceramiche.com\/wp-content\/uploads\/2024\/05\/cropped-Favicon.png\",\"width\":512,\"height\":512,\"caption\":\"Due G Ceramiche\"},\"image\":{\"@id\":\"https:\/\/www.duegceramiche.com\/#\/schema\/logo\/image\/\"},\"sameAs\":[\"https:\/\/www.facebook.com\/duegceramiche\",\"https:\/\/www.linkedin.com\/company\/due-g-ceramiche\",\"https:\/\/www.instagram.com\/duegceramiche\/\"]}]}<\/script>\n<!-- \/ Yoast SEO plugin. -->","yoast_head_json":{"title":"Effet bois - Due G Ceramiche","robots":{"index":"index","follow":"follow","max-snippet":"max-snippet:-1","max-image-preview":"max-image-preview:large","max-video-preview":"max-video-preview:-1"},"canonical":"https:\/\/www.duegceramiche.com\/fr\/collections\/effet-bois\/","og_locale":"fr_FR","og_type":"article","og_title":"Effet bois - Due G Ceramiche","og_description":"LEGNI DI PREGIO G_Wood Une nouvelle identit\u00e9 visuelle pour cette collection \u00e0 l&rsquo;ambiance moderne et \u00e9pur\u00e9e qui, outre les nuances plus d\u00e9licates du bois, propose deux teintes fra\u00eeches et originales, Giada et Fiordaliso. Wonder L&rsquo;amour de la nature rencontre la magie d&rsquo;un produit c\u00e9ramique capable de rev\u00eatir les sols et les surfaces verticales avec discr\u00e9tion [&hellip;]","og_url":"https:\/\/www.duegceramiche.com\/fr\/collections\/effet-bois\/","og_site_name":"Due G Ceramiche","article_publisher":"https:\/\/www.facebook.com\/duegceramiche","article_modified_time":"2024-09-21T09:09:30+00:00","og_image":[{"width":1920,"height":1188,"url":"https:\/\/www.duegceramiche.com\/wp-content\/uploads\/2024\/03\/DueG_Gwood_Betulla-Matt_Betulla-Touch_Living.jpg","type":"image\/jpeg"}],"twitter_card":"summary_large_image","twitter_misc":{"Dur\u00e9e de lecture estim\u00e9e":"1 minute"},"schema":{"@context":"https:\/\/schema.org","@graph":[{"@type":"WebPage","@id":"https:\/\/www.duegceramiche.com\/fr\/collections\/effet-bois\/","url":"https:\/\/www.duegceramiche.com\/fr\/collections\/effet-bois\/","name":"Effet bois - Due G Ceramiche","isPartOf":{"@id":"https:\/\/www.duegceramiche.com\/#website"},"primaryImageOfPage":{"@id":"https:\/\/www.duegceramiche.com\/fr\/collections\/effet-bois\/#primaryimage"},"image":{"@id":"https:\/\/www.duegceramiche.com\/fr\/collections\/effet-bois\/#primaryimage"},"thumbnailUrl":"https:\/\/www.duegceramiche.com\/wp-content\/uploads\/2024\/03\/DueG_Gwood_Betulla-Matt_Betulla-Touch_Living.jpg","datePublished":"2024-05-15T09:56:54+00:00","dateModified":"2024-09-21T09:09:30+00:00","breadcrumb":{"@id":"https:\/\/www.duegceramiche.com\/fr\/collections\/effet-bois\/#breadcrumb"},"inLanguage":"fr-FR","potentialAction":[{"@type":"ReadAction","target":["https:\/\/www.duegceramiche.com\/fr\/collections\/effet-bois\/"]}]},{"@type":"ImageObject","inLanguage":"fr-FR","@id":"https:\/\/www.duegceramiche.com\/fr\/collections\/effet-bois\/#primaryimage","url":"https:\/\/www.duegceramiche.com\/wp-content\/uploads\/2024\/03\/DueG_Gwood_Betulla-Matt_Betulla-Touch_Living.jpg","contentUrl":"https:\/\/www.duegceramiche.com\/wp-content\/uploads\/2024\/03\/DueG_Gwood_Betulla-Matt_Betulla-Touch_Living.jpg"},{"@type":"BreadcrumbList","@id":"https:\/\/www.duegceramiche.com\/fr\/collections\/effet-bois\/#breadcrumb","itemListElement":[{"@type":"ListItem","position":1,"name":"Home","item":"https:\/\/www.duegceramiche.com\/fr\/accueil\/"},{"@type":"ListItem","position":2,"name":"Collections","item":"https:\/\/www.duegceramiche.com\/fr\/collections\/"},{"@type":"ListItem","position":3,"name":"Effet bois"}]},{"@type":"WebSite","@id":"https:\/\/www.duegceramiche.com\/#website","url":"https:\/\/www.duegceramiche.com\/","name":"Due G Ceramiche","description":"Due G Ceramiche, piastrelle in gres porcellanato di design Made in Italy.","publisher":{"@id":"https:\/\/www.duegceramiche.com\/#organization"},"alternateName":"Due G Ceramiche","potentialAction":[{"@type":"SearchAction","target":{"@type":"EntryPoint","urlTemplate":"https:\/\/www.duegceramiche.com\/?s={search_term_string}"},"query-input":{"@type":"PropertyValueSpecification","valueRequired":true,"valueName":"search_term_string"}}],"inLanguage":"fr-FR"},{"@type":"Organization","@id":"https:\/\/www.duegceramiche.com\/#organization","name":"Due G Ceramiche","url":"https:\/\/www.duegceramiche.com\/","logo":{"@type":"ImageObject","inLanguage":"fr-FR","@id":"https:\/\/www.duegceramiche.com\/#\/schema\/logo\/image\/","url":"https:\/\/www.duegceramiche.com\/wp-content\/uploads\/2024\/05\/cropped-Favicon.png","contentUrl":"https:\/\/www.duegceramiche.com\/wp-content\/uploads\/2024\/05\/cropped-Favicon.png","width":512,"height":512,"caption":"Due G Ceramiche"},"image":{"@id":"https:\/\/www.duegceramiche.com\/#\/schema\/logo\/image\/"},"sameAs":["https:\/\/www.facebook.com\/duegceramiche","https:\/\/www.linkedin.com\/company\/due-g-ceramiche","https:\/\/www.instagram.com\/duegceramiche\/"]}]}},"_links":{"self":[{"href":"https:\/\/www.duegceramiche.com\/fr\/wp-json\/wp\/v2\/pages\/2765","targetHints":{"allow":["GET"]}}],"collection":[{"href":"https:\/\/www.duegceramiche.com\/fr\/wp-json\/wp\/v2\/pages"}],"about":[{"href":"https:\/\/www.duegceramiche.com\/fr\/wp-json\/wp\/v2\/types\/page"}],"author":[{"embeddable":true,"href":"https:\/\/www.duegceramiche.com\/fr\/wp-json\/wp\/v2\/users\/1"}],"replies":[{"embeddable":true,"href":"https:\/\/www.duegceramiche.com\/fr\/wp-json\/wp\/v2\/comments?post=2765"}],"version-history":[{"count":4,"href":"https:\/\/www.duegceramiche.com\/fr\/wp-json\/wp\/v2\/pages\/2765\/revisions"}],"predecessor-version":[{"id":2790,"href":"https:\/\/www.duegceramiche.com\/fr\/wp-json\/wp\/v2\/pages\/2765\/revisions\/2790"}],"up":[{"embeddable":true,"href":"https:\/\/www.duegceramiche.com\/fr\/wp-json\/wp\/v2\/pages\/2773"}],"wp:attachment":[{"href":"https:\/\/www.duegceramiche.com\/fr\/wp-json\/wp\/v2\/media?parent=2765"}],"curies":[{"name":"wp","href":"https:\/\/api.w.org\/{rel}","templated":true}]}}