{"id":2747,"date":"2024-05-15T10:06:14","date_gmt":"2024-05-15T10:06:14","guid":{"rendered":"https:\/\/www.duegceramiche.com\/effet-marbre\/"},"modified":"2024-09-21T08:06:01","modified_gmt":"2024-09-21T08:06:01","slug":"effet-marbre","status":"publish","type":"page","link":"https:\/\/www.duegceramiche.com\/fr\/collections\/effet-marbre\/","title":{"rendered":"Effet marbre"},"content":{"rendered":"\t\t<div data-elementor-type=\"wp-page\" data-elementor-id=\"2747\" class=\"elementor elementor-2747 elementor-913\" data-elementor-post-type=\"page\">\n\t\t\t\t\t\t<section class=\"elementor-section elementor-top-section elementor-element elementor-element-3c00ddca elementor-section-content-middle elementor-section-boxed elementor-section-height-default elementor-section-height-default\" data-id=\"3c00ddca\" data-element_type=\"section\" data-settings=\"{&quot;background_background&quot;:&quot;classic&quot;,&quot;jet_parallax_layout_list&quot;:[]}\">\n\t\t\t\t\t\t\t<div class=\"elementor-background-overlay\"><\/div>\n\t\t\t\t\t\t\t<div class=\"elementor-container elementor-column-gap-default\">\n\t\t\t\t\t<div class=\"elementor-column elementor-col-100 elementor-top-column elementor-element elementor-element-459c9be8\" data-id=\"459c9be8\" data-element_type=\"column\">\n\t\t\t<div class=\"elementor-widget-wrap elementor-element-populated\">\n\t\t\t\t\t\t<div class=\"elementor-element elementor-element-6c812beb elementor-widget elementor-widget-heading\" data-id=\"6c812beb\" data-element_type=\"widget\" data-widget_type=\"heading.default\">\n\t\t\t\t<div class=\"elementor-widget-container\">\n\t\t\t\t\t<h2 class=\"elementor-heading-title elementor-size-default\">Marmi d'autore<\/h2>\t\t\t\t<\/div>\n\t\t\t\t<\/div>\n\t\t\t\t\t<\/div>\n\t\t<\/div>\n\t\t\t\t\t<\/div>\n\t\t<\/section>\n\t\t<div class=\"elementor-element elementor-element-cffb054 e-grid e-con-boxed e-con e-parent\" data-id=\"cffb054\" data-element_type=\"container\" data-settings=\"{&quot;jet_parallax_layout_list&quot;:[]}\">\n\t\t\t\t\t<div class=\"e-con-inner\">\n\t\t\t\t<div class=\"elementor-element elementor-element-b010d06 ekit-equal-height-enable elementor-widget elementor-widget-elementskit-image-box\" data-id=\"b010d06\" data-element_type=\"widget\" data-widget_type=\"elementskit-image-box.default\">\n\t\t\t\t<div class=\"elementor-widget-container\">\n\t\t\t\t\t<div class=\"ekit-wid-con\" >\n            <div class=\"elementskit-info-image-box ekit-image-box text-center simple-card\" >\n\n                <a href=\"https:\/\/www.duegceramiche.com\/collezioni\/effetto-marmo\/dream\/\">\n                <div class=\"elementskit-box-header image-box-img-center\">\n\n                    <img fetchpriority=\"high\" decoding=\"async\" width=\"1920\" height=\"1188\" src=\"https:\/\/www.duegceramiche.com\/wp-content\/uploads\/2024\/03\/DueG_Dream_Camouflage-Lev_Living.jpg\" class=\"attachment-full size-full wp-image-39\" alt=\"\" srcset=\"https:\/\/www.duegceramiche.com\/wp-content\/uploads\/2024\/03\/DueG_Dream_Camouflage-Lev_Living.jpg 1920w, https:\/\/www.duegceramiche.com\/wp-content\/uploads\/2024\/03\/DueG_Dream_Camouflage-Lev_Living-300x186.jpg 300w, https:\/\/www.duegceramiche.com\/wp-content\/uploads\/2024\/03\/DueG_Dream_Camouflage-Lev_Living-1024x634.jpg 1024w, https:\/\/www.duegceramiche.com\/wp-content\/uploads\/2024\/03\/DueG_Dream_Camouflage-Lev_Living-768x475.jpg 768w, https:\/\/www.duegceramiche.com\/wp-content\/uploads\/2024\/03\/DueG_Dream_Camouflage-Lev_Living-1536x950.jpg 1536w\" sizes=\"(max-width: 1920px) 100vw, 1920px\" \/>\n                <\/div>\n                <\/a>\n                <div class=\"elementskit-box-body ekit-image-box-body\">\n                    <div class=\"elementskit-box-content ekit-image-box-body-inner\">\n                                                <h3 class=\"elementskit-info-box-title\">\n\n                        Dream\n                        \n                    <\/h3>\n                                                            <div class=\"elementskit-box-style-content\">\n                        Dream laisse parler la beaut\u00e9 et l'\u00e9l\u00e9gance d'un gr\u00e8s marbr\u00e9 saisissant.\nUne collection aux grands formats et aux textures s\u00e9duisantes, rehauss\u00e9e par les deux d\u00e9cors d'inspiration \"nature\", aussi enveloppants qu'un jardin de fleurs ou une petite for\u00eat tropicale.                     <\/div>\n                                    <\/div>\n\n                            <\/div>\n            <\/div>\n    <\/div>\t\t\t\t<\/div>\n\t\t\t\t<\/div>\n\t\t\t\t<div class=\"elementor-element elementor-element-38bf716 ekit-equal-height-enable elementor-widget elementor-widget-elementskit-image-box\" data-id=\"38bf716\" data-element_type=\"widget\" data-widget_type=\"elementskit-image-box.default\">\n\t\t\t\t<div class=\"elementor-widget-container\">\n\t\t\t\t\t<div class=\"ekit-wid-con\" >\n            <div class=\"elementskit-info-image-box ekit-image-box text-center simple-card\" >\n\n                <a href=\"https:\/\/www.duegceramiche.com\/collezioni\/effetto-marmo\/shiny\/\">\n                <div class=\"elementskit-box-header image-box-img-center\">\n\n                    <img decoding=\"async\" width=\"1920\" height=\"1188\" src=\"https:\/\/www.duegceramiche.com\/wp-content\/uploads\/2024\/03\/DueG_Shiny_Statuario-Matt-Lev_Living.jpg\" class=\"attachment-full size-full wp-image-82\" alt=\"\" srcset=\"https:\/\/www.duegceramiche.com\/wp-content\/uploads\/2024\/03\/DueG_Shiny_Statuario-Matt-Lev_Living.jpg 1920w, https:\/\/www.duegceramiche.com\/wp-content\/uploads\/2024\/03\/DueG_Shiny_Statuario-Matt-Lev_Living-300x186.jpg 300w, https:\/\/www.duegceramiche.com\/wp-content\/uploads\/2024\/03\/DueG_Shiny_Statuario-Matt-Lev_Living-1024x634.jpg 1024w, https:\/\/www.duegceramiche.com\/wp-content\/uploads\/2024\/03\/DueG_Shiny_Statuario-Matt-Lev_Living-768x475.jpg 768w, https:\/\/www.duegceramiche.com\/wp-content\/uploads\/2024\/03\/DueG_Shiny_Statuario-Matt-Lev_Living-1536x950.jpg 1536w\" sizes=\"(max-width: 1920px) 100vw, 1920px\" \/>\n                <\/div>\n                <\/a>\n                <div class=\"elementskit-box-body ekit-image-box-body\">\n                    <div class=\"elementskit-box-content ekit-image-box-body-inner\">\n                                                <h3 class=\"elementskit-info-box-title\">\n\n                        Shiny\n                        \n                    <\/h3>\n                                                            <div class=\"elementskit-box-style-content\">\n                        Une esth\u00e9tique vein\u00e9e et pure, une authenticit\u00e9 r\u00e9aliste, une palette vari\u00e9e et une double finition pour une proposition qui rend hommage au marbre.\nShiny d\u00e9finit des environnements r\u00e9sidentiels et commerciaux de grande envergure, dans lesquels le design, entre style classique et moderne, dialogue \u00e0 travers les formes et les couleurs.                     <\/div>\n                                    <\/div>\n\n                            <\/div>\n            <\/div>\n    <\/div>\t\t\t\t<\/div>\n\t\t\t\t<\/div>\n\t\t\t\t\t<\/div>\n\t\t\t\t<\/div>\n\t\t\t\t<\/div>\n\t\t","protected":false},"excerpt":{"rendered":"<p>Marmi d&rsquo;autore Dream Dream laisse parler la beaut\u00e9 et l&rsquo;\u00e9l\u00e9gance d&rsquo;un gr\u00e8s marbr\u00e9 saisissant. Une collection aux grands formats et aux textures s\u00e9duisantes, rehauss\u00e9e par les deux d\u00e9cors d&rsquo;inspiration \u00ab\u00a0nature\u00a0\u00bb, aussi enveloppants qu&rsquo;un jardin de fleurs ou une petite for\u00eat tropicale. Shiny Une esth\u00e9tique vein\u00e9e et pure, une authenticit\u00e9 r\u00e9aliste, une palette vari\u00e9e et une [&hellip;]<\/p>\n","protected":false},"author":1,"featured_media":0,"parent":2773,"menu_order":0,"comment_status":"closed","ping_status":"closed","template":"","meta":{"footnotes":""},"class_list":["post-2747","page","type-page","status-publish","hentry"],"yoast_head":"<!-- This site is optimized with the Yoast SEO plugin v26.6 - https:\/\/yoast.com\/wordpress\/plugins\/seo\/ -->\n<title>Effet marbre - Due G Ceramiche<\/title>\n<meta name=\"robots\" content=\"index, follow, max-snippet:-1, max-image-preview:large, max-video-preview:-1\" \/>\n<link rel=\"canonical\" href=\"https:\/\/www.duegceramiche.com\/fr\/collections\/effet-marbre\/\" \/>\n<meta property=\"og:locale\" content=\"fr_FR\" \/>\n<meta property=\"og:type\" content=\"article\" \/>\n<meta property=\"og:title\" content=\"Effet marbre - Due G Ceramiche\" \/>\n<meta property=\"og:description\" content=\"Marmi d&rsquo;autore Dream Dream laisse parler la beaut\u00e9 et l&rsquo;\u00e9l\u00e9gance d&rsquo;un gr\u00e8s marbr\u00e9 saisissant. Une collection aux grands formats et aux textures s\u00e9duisantes, rehauss\u00e9e par les deux d\u00e9cors d&rsquo;inspiration \u00ab\u00a0nature\u00a0\u00bb, aussi enveloppants qu&rsquo;un jardin de fleurs ou une petite for\u00eat tropicale. Shiny Une esth\u00e9tique vein\u00e9e et pure, une authenticit\u00e9 r\u00e9aliste, une palette vari\u00e9e et une [&hellip;]\" \/>\n<meta property=\"og:url\" content=\"https:\/\/www.duegceramiche.com\/fr\/collections\/effet-marbre\/\" \/>\n<meta property=\"og:site_name\" content=\"Due G Ceramiche\" \/>\n<meta property=\"article:publisher\" content=\"https:\/\/www.facebook.com\/duegceramiche\" \/>\n<meta property=\"article:modified_time\" content=\"2024-09-21T08:06:01+00:00\" \/>\n<meta property=\"og:image\" content=\"https:\/\/www.duegceramiche.com\/wp-content\/uploads\/2024\/03\/DueG_Dream_Camouflage-Lev_Living.jpg\" \/>\n\t<meta property=\"og:image:width\" content=\"1920\" \/>\n\t<meta property=\"og:image:height\" content=\"1188\" \/>\n\t<meta property=\"og:image:type\" content=\"image\/jpeg\" \/>\n<meta name=\"twitter:card\" content=\"summary_large_image\" \/>\n<meta name=\"twitter:label1\" content=\"Dur\u00e9e de lecture estim\u00e9e\" \/>\n\t<meta name=\"twitter:data1\" content=\"1 minute\" \/>\n<script type=\"application\/ld+json\" class=\"yoast-schema-graph\">{\"@context\":\"https:\/\/schema.org\",\"@graph\":[{\"@type\":\"WebPage\",\"@id\":\"https:\/\/www.duegceramiche.com\/fr\/collections\/effet-marbre\/\",\"url\":\"https:\/\/www.duegceramiche.com\/fr\/collections\/effet-marbre\/\",\"name\":\"Effet marbre - Due G Ceramiche\",\"isPartOf\":{\"@id\":\"https:\/\/www.duegceramiche.com\/#website\"},\"primaryImageOfPage\":{\"@id\":\"https:\/\/www.duegceramiche.com\/fr\/collections\/effet-marbre\/#primaryimage\"},\"image\":{\"@id\":\"https:\/\/www.duegceramiche.com\/fr\/collections\/effet-marbre\/#primaryimage\"},\"thumbnailUrl\":\"https:\/\/www.duegceramiche.com\/wp-content\/uploads\/2024\/03\/DueG_Dream_Camouflage-Lev_Living.jpg\",\"datePublished\":\"2024-05-15T10:06:14+00:00\",\"dateModified\":\"2024-09-21T08:06:01+00:00\",\"breadcrumb\":{\"@id\":\"https:\/\/www.duegceramiche.com\/fr\/collections\/effet-marbre\/#breadcrumb\"},\"inLanguage\":\"fr-FR\",\"potentialAction\":[{\"@type\":\"ReadAction\",\"target\":[\"https:\/\/www.duegceramiche.com\/fr\/collections\/effet-marbre\/\"]}]},{\"@type\":\"ImageObject\",\"inLanguage\":\"fr-FR\",\"@id\":\"https:\/\/www.duegceramiche.com\/fr\/collections\/effet-marbre\/#primaryimage\",\"url\":\"https:\/\/www.duegceramiche.com\/wp-content\/uploads\/2024\/03\/DueG_Dream_Camouflage-Lev_Living.jpg\",\"contentUrl\":\"https:\/\/www.duegceramiche.com\/wp-content\/uploads\/2024\/03\/DueG_Dream_Camouflage-Lev_Living.jpg\"},{\"@type\":\"BreadcrumbList\",\"@id\":\"https:\/\/www.duegceramiche.com\/fr\/collections\/effet-marbre\/#breadcrumb\",\"itemListElement\":[{\"@type\":\"ListItem\",\"position\":1,\"name\":\"Home\",\"item\":\"https:\/\/www.duegceramiche.com\/fr\/accueil\/\"},{\"@type\":\"ListItem\",\"position\":2,\"name\":\"Collections\",\"item\":\"https:\/\/www.duegceramiche.com\/fr\/collections\/\"},{\"@type\":\"ListItem\",\"position\":3,\"name\":\"Effet marbre\"}]},{\"@type\":\"WebSite\",\"@id\":\"https:\/\/www.duegceramiche.com\/#website\",\"url\":\"https:\/\/www.duegceramiche.com\/\",\"name\":\"Due G Ceramiche\",\"description\":\"Due G Ceramiche, piastrelle in gres porcellanato di design Made in Italy.\",\"publisher\":{\"@id\":\"https:\/\/www.duegceramiche.com\/#organization\"},\"alternateName\":\"Due G Ceramiche\",\"potentialAction\":[{\"@type\":\"SearchAction\",\"target\":{\"@type\":\"EntryPoint\",\"urlTemplate\":\"https:\/\/www.duegceramiche.com\/?s={search_term_string}\"},\"query-input\":{\"@type\":\"PropertyValueSpecification\",\"valueRequired\":true,\"valueName\":\"search_term_string\"}}],\"inLanguage\":\"fr-FR\"},{\"@type\":\"Organization\",\"@id\":\"https:\/\/www.duegceramiche.com\/#organization\",\"name\":\"Due G Ceramiche\",\"url\":\"https:\/\/www.duegceramiche.com\/\",\"logo\":{\"@type\":\"ImageObject\",\"inLanguage\":\"fr-FR\",\"@id\":\"https:\/\/www.duegceramiche.com\/#\/schema\/logo\/image\/\",\"url\":\"https:\/\/www.duegceramiche.com\/wp-content\/uploads\/2024\/05\/cropped-Favicon.png\",\"contentUrl\":\"https:\/\/www.duegceramiche.com\/wp-content\/uploads\/2024\/05\/cropped-Favicon.png\",\"width\":512,\"height\":512,\"caption\":\"Due G Ceramiche\"},\"image\":{\"@id\":\"https:\/\/www.duegceramiche.com\/#\/schema\/logo\/image\/\"},\"sameAs\":[\"https:\/\/www.facebook.com\/duegceramiche\",\"https:\/\/www.linkedin.com\/company\/due-g-ceramiche\",\"https:\/\/www.instagram.com\/duegceramiche\/\"]}]}<\/script>\n<!-- \/ Yoast SEO plugin. -->","yoast_head_json":{"title":"Effet marbre - Due G Ceramiche","robots":{"index":"index","follow":"follow","max-snippet":"max-snippet:-1","max-image-preview":"max-image-preview:large","max-video-preview":"max-video-preview:-1"},"canonical":"https:\/\/www.duegceramiche.com\/fr\/collections\/effet-marbre\/","og_locale":"fr_FR","og_type":"article","og_title":"Effet marbre - Due G Ceramiche","og_description":"Marmi d&rsquo;autore Dream Dream laisse parler la beaut\u00e9 et l&rsquo;\u00e9l\u00e9gance d&rsquo;un gr\u00e8s marbr\u00e9 saisissant. Une collection aux grands formats et aux textures s\u00e9duisantes, rehauss\u00e9e par les deux d\u00e9cors d&rsquo;inspiration \u00ab\u00a0nature\u00a0\u00bb, aussi enveloppants qu&rsquo;un jardin de fleurs ou une petite for\u00eat tropicale. Shiny Une esth\u00e9tique vein\u00e9e et pure, une authenticit\u00e9 r\u00e9aliste, une palette vari\u00e9e et une [&hellip;]","og_url":"https:\/\/www.duegceramiche.com\/fr\/collections\/effet-marbre\/","og_site_name":"Due G Ceramiche","article_publisher":"https:\/\/www.facebook.com\/duegceramiche","article_modified_time":"2024-09-21T08:06:01+00:00","og_image":[{"width":1920,"height":1188,"url":"https:\/\/www.duegceramiche.com\/wp-content\/uploads\/2024\/03\/DueG_Dream_Camouflage-Lev_Living.jpg","type":"image\/jpeg"}],"twitter_card":"summary_large_image","twitter_misc":{"Dur\u00e9e de lecture estim\u00e9e":"1 minute"},"schema":{"@context":"https:\/\/schema.org","@graph":[{"@type":"WebPage","@id":"https:\/\/www.duegceramiche.com\/fr\/collections\/effet-marbre\/","url":"https:\/\/www.duegceramiche.com\/fr\/collections\/effet-marbre\/","name":"Effet marbre - Due G Ceramiche","isPartOf":{"@id":"https:\/\/www.duegceramiche.com\/#website"},"primaryImageOfPage":{"@id":"https:\/\/www.duegceramiche.com\/fr\/collections\/effet-marbre\/#primaryimage"},"image":{"@id":"https:\/\/www.duegceramiche.com\/fr\/collections\/effet-marbre\/#primaryimage"},"thumbnailUrl":"https:\/\/www.duegceramiche.com\/wp-content\/uploads\/2024\/03\/DueG_Dream_Camouflage-Lev_Living.jpg","datePublished":"2024-05-15T10:06:14+00:00","dateModified":"2024-09-21T08:06:01+00:00","breadcrumb":{"@id":"https:\/\/www.duegceramiche.com\/fr\/collections\/effet-marbre\/#breadcrumb"},"inLanguage":"fr-FR","potentialAction":[{"@type":"ReadAction","target":["https:\/\/www.duegceramiche.com\/fr\/collections\/effet-marbre\/"]}]},{"@type":"ImageObject","inLanguage":"fr-FR","@id":"https:\/\/www.duegceramiche.com\/fr\/collections\/effet-marbre\/#primaryimage","url":"https:\/\/www.duegceramiche.com\/wp-content\/uploads\/2024\/03\/DueG_Dream_Camouflage-Lev_Living.jpg","contentUrl":"https:\/\/www.duegceramiche.com\/wp-content\/uploads\/2024\/03\/DueG_Dream_Camouflage-Lev_Living.jpg"},{"@type":"BreadcrumbList","@id":"https:\/\/www.duegceramiche.com\/fr\/collections\/effet-marbre\/#breadcrumb","itemListElement":[{"@type":"ListItem","position":1,"name":"Home","item":"https:\/\/www.duegceramiche.com\/fr\/accueil\/"},{"@type":"ListItem","position":2,"name":"Collections","item":"https:\/\/www.duegceramiche.com\/fr\/collections\/"},{"@type":"ListItem","position":3,"name":"Effet marbre"}]},{"@type":"WebSite","@id":"https:\/\/www.duegceramiche.com\/#website","url":"https:\/\/www.duegceramiche.com\/","name":"Due G Ceramiche","description":"Due G Ceramiche, piastrelle in gres porcellanato di design Made in Italy.","publisher":{"@id":"https:\/\/www.duegceramiche.com\/#organization"},"alternateName":"Due G Ceramiche","potentialAction":[{"@type":"SearchAction","target":{"@type":"EntryPoint","urlTemplate":"https:\/\/www.duegceramiche.com\/?s={search_term_string}"},"query-input":{"@type":"PropertyValueSpecification","valueRequired":true,"valueName":"search_term_string"}}],"inLanguage":"fr-FR"},{"@type":"Organization","@id":"https:\/\/www.duegceramiche.com\/#organization","name":"Due G Ceramiche","url":"https:\/\/www.duegceramiche.com\/","logo":{"@type":"ImageObject","inLanguage":"fr-FR","@id":"https:\/\/www.duegceramiche.com\/#\/schema\/logo\/image\/","url":"https:\/\/www.duegceramiche.com\/wp-content\/uploads\/2024\/05\/cropped-Favicon.png","contentUrl":"https:\/\/www.duegceramiche.com\/wp-content\/uploads\/2024\/05\/cropped-Favicon.png","width":512,"height":512,"caption":"Due G Ceramiche"},"image":{"@id":"https:\/\/www.duegceramiche.com\/#\/schema\/logo\/image\/"},"sameAs":["https:\/\/www.facebook.com\/duegceramiche","https:\/\/www.linkedin.com\/company\/due-g-ceramiche","https:\/\/www.instagram.com\/duegceramiche\/"]}]}},"_links":{"self":[{"href":"https:\/\/www.duegceramiche.com\/fr\/wp-json\/wp\/v2\/pages\/2747","targetHints":{"allow":["GET"]}}],"collection":[{"href":"https:\/\/www.duegceramiche.com\/fr\/wp-json\/wp\/v2\/pages"}],"about":[{"href":"https:\/\/www.duegceramiche.com\/fr\/wp-json\/wp\/v2\/types\/page"}],"author":[{"embeddable":true,"href":"https:\/\/www.duegceramiche.com\/fr\/wp-json\/wp\/v2\/users\/1"}],"replies":[{"embeddable":true,"href":"https:\/\/www.duegceramiche.com\/fr\/wp-json\/wp\/v2\/comments?post=2747"}],"version-history":[{"count":3,"href":"https:\/\/www.duegceramiche.com\/fr\/wp-json\/wp\/v2\/pages\/2747\/revisions"}],"predecessor-version":[{"id":2768,"href":"https:\/\/www.duegceramiche.com\/fr\/wp-json\/wp\/v2\/pages\/2747\/revisions\/2768"}],"up":[{"embeddable":true,"href":"https:\/\/www.duegceramiche.com\/fr\/wp-json\/wp\/v2\/pages\/2773"}],"wp:attachment":[{"href":"https:\/\/www.duegceramiche.com\/fr\/wp-json\/wp\/v2\/media?parent=2747"}],"curies":[{"name":"wp","href":"https:\/\/api.w.org\/{rel}","templated":true}]}}