{"id":2733,"date":"2024-04-16T07:17:31","date_gmt":"2024-04-16T07:17:31","guid":{"rendered":"https:\/\/www.duegceramiche.com\/contact\/"},"modified":"2026-04-23T13:47:22","modified_gmt":"2026-04-23T13:47:22","slug":"contact","status":"publish","type":"page","link":"https:\/\/www.duegceramiche.com\/fr\/contact\/","title":{"rendered":"Contact"},"content":{"rendered":"\t\t<div data-elementor-type=\"wp-page\" data-elementor-id=\"2733\" class=\"elementor elementor-2733 elementor-431\" data-elementor-post-type=\"page\">\n\t\t\t\t\t\t<section class=\"elementor-section elementor-top-section elementor-element elementor-element-184f93bc elementor-section-content-middle elementor-section-boxed elementor-section-height-default elementor-section-height-default\" data-id=\"184f93bc\" data-element_type=\"section\" data-settings=\"{&quot;background_background&quot;:&quot;classic&quot;,&quot;jet_parallax_layout_list&quot;:[]}\">\n\t\t\t\t\t\t\t<div class=\"elementor-background-overlay\"><\/div>\n\t\t\t\t\t\t\t<div class=\"elementor-container elementor-column-gap-default\">\n\t\t\t\t\t<div class=\"elementor-column elementor-col-100 elementor-top-column elementor-element elementor-element-35c8f5dd\" data-id=\"35c8f5dd\" data-element_type=\"column\" data-settings=\"{&quot;background_background&quot;:&quot;classic&quot;}\">\n\t\t\t<div class=\"elementor-widget-wrap elementor-element-populated\">\n\t\t\t\t\t\t<div class=\"elementor-element elementor-element-27fa673c elementor-widget elementor-widget-heading\" data-id=\"27fa673c\" data-element_type=\"widget\" data-widget_type=\"heading.default\">\n\t\t\t\t<div class=\"elementor-widget-container\">\n\t\t\t\t\t<h2 class=\"elementor-heading-title elementor-size-default\">CONTACTS<\/h2>\t\t\t\t<\/div>\n\t\t\t\t<\/div>\n\t\t\t\t\t<\/div>\n\t\t<\/div>\n\t\t\t\t\t<\/div>\n\t\t<\/section>\n\t\t\t\t<section class=\"elementor-section elementor-top-section elementor-element elementor-element-24153a9a elementor-section-content-middle elementor-section-boxed elementor-section-height-default elementor-section-height-default\" data-id=\"24153a9a\" data-element_type=\"section\" data-settings=\"{&quot;background_background&quot;:&quot;classic&quot;,&quot;jet_parallax_layout_list&quot;:[]}\">\n\t\t\t\t\t\t<div class=\"elementor-container elementor-column-gap-default\">\n\t\t\t\t\t<div class=\"elementor-column elementor-col-50 elementor-top-column elementor-element elementor-element-14d720eb\" data-id=\"14d720eb\" data-element_type=\"column\" data-settings=\"{&quot;background_background&quot;:&quot;classic&quot;}\">\n\t\t\t<div class=\"elementor-widget-wrap elementor-element-populated\">\n\t\t\t\t\t\t<div class=\"elementor-element elementor-element-8b749cd elementor-button-align-stretch elementor-widget elementor-widget-form\" data-id=\"8b749cd\" data-element_type=\"widget\" data-settings=\"{&quot;step_next_label&quot;:&quot;Suivant&quot;,&quot;step_previous_label&quot;:&quot;Pr\\u00e9c\\u00e9dent&quot;,&quot;button_width&quot;:&quot;100&quot;,&quot;step_type&quot;:&quot;number_text&quot;,&quot;step_icon_shape&quot;:&quot;circle&quot;}\" data-widget_type=\"form.default\">\n\t\t\t\t<div class=\"elementor-widget-container\">\n\t\t\t\t\t\t\t<form class=\"elementor-form\" method=\"post\" name=\"Nouveau formulaire\">\n\t\t\t<input type=\"hidden\" name=\"post_id\" value=\"2733\"\/>\n\t\t\t<input type=\"hidden\" name=\"form_id\" value=\"8b749cd\"\/>\n\t\t\t<input type=\"hidden\" name=\"referer_title\" value=\"Contact - Due G Ceramiche\" \/>\n\n\t\t\t\t\t\t\t<input type=\"hidden\" name=\"queried_id\" value=\"2733\"\/>\n\t\t\t\n\t\t\t<div class=\"elementor-form-fields-wrapper elementor-labels-above\">\n\t\t\t\t\t\t\t\t<div class=\"elementor-field-type-text elementor-field-group elementor-column elementor-field-group-name elementor-col-100\">\n\t\t\t\t\t\t\t\t\t\t\t\t<label for=\"form-field-name\" class=\"elementor-field-label\">\n\t\t\t\t\t\t\t\tNom\t\t\t\t\t\t\t<\/label>\n\t\t\t\t\t\t\t\t\t\t\t\t\t\t<input size=\"1\" type=\"text\" name=\"form_fields[name]\" id=\"form-field-name\" class=\"elementor-field elementor-size-sm  elementor-field-textual\" placeholder=\"Nom\">\n\t\t\t\t\t\t\t\t\t\t\t<\/div>\n\t\t\t\t\t\t\t\t<div class=\"elementor-field-type-email elementor-field-group elementor-column elementor-field-group-email elementor-col-100 elementor-field-required\">\n\t\t\t\t\t\t\t\t\t\t\t\t<label for=\"form-field-email\" class=\"elementor-field-label\">\n\t\t\t\t\t\t\t\tCourriel :\t\t\t\t\t\t\t<\/label>\n\t\t\t\t\t\t\t\t\t\t\t\t\t\t<input size=\"1\" type=\"email\" name=\"form_fields[email]\" id=\"form-field-email\" class=\"elementor-field elementor-size-sm  elementor-field-textual\" placeholder=\"Courriel :\" required=\"required\">\n\t\t\t\t\t\t\t\t\t\t\t<\/div>\n\t\t\t\t\t\t\t\t<div class=\"elementor-field-type-textarea elementor-field-group elementor-column elementor-field-group-message elementor-col-100\">\n\t\t\t\t\t\t\t\t\t\t\t\t<label for=\"form-field-message\" class=\"elementor-field-label\">\n\t\t\t\t\t\t\t\tMessage\t\t\t\t\t\t\t<\/label>\n\t\t\t\t\t\t<textarea class=\"elementor-field-textual elementor-field  elementor-size-sm\" name=\"form_fields[message]\" id=\"form-field-message\" rows=\"4\" placeholder=\"Message\"><\/textarea>\t\t\t\t<\/div>\n\t\t\t\t\t\t\t\t<div class=\"elementor-field-type-recaptcha_v3 elementor-field-group elementor-column elementor-field-group-field_82fa4bd elementor-col-100 recaptcha_v3-bottomright\">\n\t\t\t\t\t<div class=\"elementor-field\" id=\"form-field-field_82fa4bd\"><div class=\"elementor-g-recaptcha\" data-sitekey=\"6LeTyXYqAAAAAOCAx85AZS2phWMZb86Oxqj8KWGP\" data-type=\"v3\" data-action=\"Form\" data-badge=\"bottomright\" data-size=\"invisible\"><\/div><\/div>\t\t\t\t<\/div>\n\t\t\t\t\t\t\t\t<div class=\"elementor-field-group elementor-column elementor-field-type-submit elementor-col-100 e-form__buttons\">\n\t\t\t\t\t<button class=\"elementor-button elementor-size-sm\" type=\"submit\">\n\t\t\t\t\t\t<span class=\"elementor-button-content-wrapper\">\n\t\t\t\t\t\t\t\t\t\t\t\t\t\t\t\t\t\t\t\t\t\t<span class=\"elementor-button-text\">Envoyer<\/span>\n\t\t\t\t\t\t\t\t\t\t\t\t\t<\/span>\n\t\t\t\t\t<\/button>\n\t\t\t\t<\/div>\n\t\t\t<\/div>\n\t\t<\/form>\n\t\t\t\t\t\t<\/div>\n\t\t\t\t<\/div>\n\t\t\t\t\t<\/div>\n\t\t<\/div>\n\t\t\t\t<div class=\"elementor-column elementor-col-50 elementor-top-column elementor-element elementor-element-2ba8598a\" data-id=\"2ba8598a\" data-element_type=\"column\">\n\t\t\t<div class=\"elementor-widget-wrap elementor-element-populated\">\n\t\t\t\t\t\t<div class=\"elementor-element elementor-element-131be8fd elementor-widget elementor-widget-heading\" data-id=\"131be8fd\" data-element_type=\"widget\" data-widget_type=\"heading.default\">\n\t\t\t\t<div class=\"elementor-widget-container\">\n\t\t\t\t\t<h2 class=\"elementor-heading-title elementor-size-default\">CONTACTEZ-NOUS<\/h2>\t\t\t\t<\/div>\n\t\t\t\t<\/div>\n\t\t\t\t<div class=\"elementor-element elementor-element-6d4e8589 elementor-widget elementor-widget-text-editor\" data-id=\"6d4e8589\" data-element_type=\"widget\" data-widget_type=\"text-editor.default\">\n\t\t\t\t<div class=\"elementor-widget-container\">\n\t\t\t\t\t\t\t\t\t<p>Nous sommes \u00e0 votre disposition pour tout besoin ou demande.<br \/>\nN&rsquo;h\u00e9sitez pas \u00e0 nous contacter pour toute question, suggestion ou pr\u00e9cision.<br \/>\nNotre \u00e9quipe est pr\u00eate \u00e0 vous aider de la meilleure fa\u00e7on possible.  <\/p>\n\t\t\t\t\t\t\t\t<\/div>\n\t\t\t\t<\/div>\n\t\t\t\t<section class=\"elementor-section elementor-inner-section elementor-element elementor-element-13bb793c elementor-section-boxed elementor-section-height-default elementor-section-height-default\" data-id=\"13bb793c\" data-element_type=\"section\" data-settings=\"{&quot;jet_parallax_layout_list&quot;:[]}\">\n\t\t\t\t\t\t<div class=\"elementor-container elementor-column-gap-no\">\n\t\t\t\t\t<div class=\"elementor-column elementor-col-50 elementor-inner-column elementor-element elementor-element-428d1c35\" data-id=\"428d1c35\" data-element_type=\"column\">\n\t\t\t<div class=\"elementor-widget-wrap elementor-element-populated\">\n\t\t\t\t\t\t<div class=\"elementor-element elementor-element-52f26ea0 elementor-icon-list--layout-traditional elementor-list-item-link-full_width elementor-widget elementor-widget-icon-list\" data-id=\"52f26ea0\" data-element_type=\"widget\" data-widget_type=\"icon-list.default\">\n\t\t\t\t<div class=\"elementor-widget-container\">\n\t\t\t\t\t\t\t<ul class=\"elementor-icon-list-items\">\n\t\t\t\t\t\t\t<li class=\"elementor-icon-list-item\">\n\t\t\t\t\t\t\t\t\t\t\t<span class=\"elementor-icon-list-icon\">\n\t\t\t\t\t\t\t<svg aria-hidden=\"true\" class=\"e-font-icon-svg e-fas-phone-alt\" viewBox=\"0 0 512 512\" xmlns=\"http:\/\/www.w3.org\/2000\/svg\"><path d=\"M497.39 361.8l-112-48a24 24 0 0 0-28 6.9l-49.6 60.6A370.66 370.66 0 0 1 130.6 204.11l60.6-49.6a23.94 23.94 0 0 0 6.9-28l-48-112A24.16 24.16 0 0 0 122.6.61l-104 24A24 24 0 0 0 0 48c0 256.5 207.9 464 464 464a24 24 0 0 0 23.4-18.6l24-104a24.29 24.29 0 0 0-14.01-27.6z\"><\/path><\/svg>\t\t\t\t\t\t<\/span>\n\t\t\t\t\t\t\t\t\t\t<span class=\"elementor-icon-list-text\">+39 0546 652111<\/span>\n\t\t\t\t\t\t\t\t\t<\/li>\n\t\t\t\t\t\t<\/ul>\n\t\t\t\t\t\t<\/div>\n\t\t\t\t<\/div>\n\t\t\t\t\t<\/div>\n\t\t<\/div>\n\t\t\t\t<div class=\"elementor-column elementor-col-50 elementor-inner-column elementor-element elementor-element-2ddac195\" data-id=\"2ddac195\" data-element_type=\"column\">\n\t\t\t<div class=\"elementor-widget-wrap elementor-element-populated\">\n\t\t\t\t\t\t<div class=\"elementor-element elementor-element-3825b9d elementor-icon-list--layout-traditional elementor-list-item-link-full_width elementor-widget elementor-widget-icon-list\" data-id=\"3825b9d\" data-element_type=\"widget\" data-widget_type=\"icon-list.default\">\n\t\t\t\t<div class=\"elementor-widget-container\">\n\t\t\t\t\t\t\t<ul class=\"elementor-icon-list-items\">\n\t\t\t\t\t\t\t<li class=\"elementor-icon-list-item\">\n\t\t\t\t\t\t\t\t\t\t\t<span class=\"elementor-icon-list-icon\">\n\t\t\t\t\t\t\t<svg aria-hidden=\"true\" class=\"e-font-icon-svg e-fas-envelope\" viewBox=\"0 0 512 512\" xmlns=\"http:\/\/www.w3.org\/2000\/svg\"><path d=\"M502.3 190.8c3.9-3.1 9.7-.2 9.7 4.7V400c0 26.5-21.5 48-48 48H48c-26.5 0-48-21.5-48-48V195.6c0-5 5.7-7.8 9.7-4.7 22.4 17.4 52.1 39.5 154.1 113.6 21.1 15.4 56.7 47.8 92.2 47.6 35.7.3 72-32.8 92.3-47.6 102-74.1 131.6-96.3 154-113.7zM256 320c23.2.4 56.6-29.2 73.4-41.4 132.7-96.3 142.8-104.7 173.4-128.7 5.8-4.5 9.2-11.5 9.2-18.9v-19c0-26.5-21.5-48-48-48H48C21.5 64 0 85.5 0 112v19c0 7.4 3.4 14.3 9.2 18.9 30.6 23.9 40.7 32.4 173.4 128.7 16.8 12.2 50.2 41.8 73.4 41.4z\"><\/path><\/svg>\t\t\t\t\t\t<\/span>\n\t\t\t\t\t\t\t\t\t\t<span class=\"elementor-icon-list-text\">info@duegceramiche.com<\/span>\n\t\t\t\t\t\t\t\t\t<\/li>\n\t\t\t\t\t\t<\/ul>\n\t\t\t\t\t\t<\/div>\n\t\t\t\t<\/div>\n\t\t\t\t\t<\/div>\n\t\t<\/div>\n\t\t\t\t\t<\/div>\n\t\t<\/section>\n\t\t\t\t<div class=\"elementor-element elementor-element-3bcdafc7 elementor-widget elementor-widget-google_maps\" data-id=\"3bcdafc7\" data-element_type=\"widget\" data-widget_type=\"google_maps.default\">\n\t\t\t\t<div class=\"elementor-widget-container\">\n\t\t\t\t\t\t\t<div class=\"elementor-custom-embed\">\n\t\t\t<iframe loading=\"lazy\"\n\t\t\t\t\tsrc=\"https:\/\/maps.google.com\/maps?q=Due%20G%20Ceramiche%20Via%20Emilia%20Ponente%2C%201000%2C%2048014%20Castel%20Bolognese%20RA&#038;t=m&#038;z=13&#038;output=embed&#038;iwloc=near\"\n\t\t\t\t\ttitle=\"Due G Ceramiche Via Emilia Ponente, 1000, 48014 Castel Bolognese RA\"\n\t\t\t\t\taria-label=\"Due G Ceramiche Via Emilia Ponente, 1000, 48014 Castel Bolognese RA\"\n\t\t\t><\/iframe>\n\t\t<\/div>\n\t\t\t\t\t\t<\/div>\n\t\t\t\t<\/div>\n\t\t\t\t\t<\/div>\n\t\t<\/div>\n\t\t\t\t\t<\/div>\n\t\t<\/section>\n\t\t\t\t<\/div>\n\t\t","protected":false},"excerpt":{"rendered":"<p>CONTACTS CONTACTEZ-NOUS Nous sommes \u00e0 votre disposition pour tout besoin ou demande. N&rsquo;h\u00e9sitez pas \u00e0 nous contacter pour toute question, suggestion ou pr\u00e9cision. Notre \u00e9quipe est pr\u00eate \u00e0 vous aider de la meilleure fa\u00e7on possible. +39 0546 652111 info@duegceramiche.com<\/p>\n","protected":false},"author":1,"featured_media":0,"parent":0,"menu_order":0,"comment_status":"closed","ping_status":"closed","template":"","meta":{"footnotes":""},"class_list":["post-2733","page","type-page","status-publish","hentry"],"yoast_head":"<!-- This site is optimized with the Yoast SEO plugin v26.6 - https:\/\/yoast.com\/wordpress\/plugins\/seo\/ -->\n<title>Contact - Due G Ceramiche<\/title>\n<meta name=\"robots\" content=\"index, follow, max-snippet:-1, max-image-preview:large, max-video-preview:-1\" \/>\n<link rel=\"canonical\" href=\"https:\/\/www.duegceramiche.com\/fr\/contact\/\" \/>\n<meta property=\"og:locale\" content=\"fr_FR\" \/>\n<meta property=\"og:type\" content=\"article\" \/>\n<meta property=\"og:title\" content=\"Contact - Due G Ceramiche\" \/>\n<meta property=\"og:description\" content=\"CONTACTS CONTACTEZ-NOUS Nous sommes \u00e0 votre disposition pour tout besoin ou demande. N&rsquo;h\u00e9sitez pas \u00e0 nous contacter pour toute question, suggestion ou pr\u00e9cision. Notre \u00e9quipe est pr\u00eate \u00e0 vous aider de la meilleure fa\u00e7on possible. +39 0546 652111 info@duegceramiche.com\" \/>\n<meta property=\"og:url\" content=\"https:\/\/www.duegceramiche.com\/fr\/contact\/\" \/>\n<meta property=\"og:site_name\" content=\"Due G Ceramiche\" \/>\n<meta property=\"article:publisher\" content=\"https:\/\/www.facebook.com\/duegceramiche\" \/>\n<meta property=\"article:modified_time\" content=\"2026-04-23T13:47:22+00:00\" \/>\n<meta property=\"og:image\" content=\"https:\/\/www.duegceramiche.com\/wp-content\/uploads\/2024\/05\/Favicon.png\" \/>\n\t<meta property=\"og:image:width\" content=\"209\" \/>\n\t<meta property=\"og:image:height\" content=\"209\" \/>\n\t<meta property=\"og:image:type\" content=\"image\/png\" \/>\n<meta name=\"twitter:card\" content=\"summary_large_image\" \/>\n<meta name=\"twitter:label1\" content=\"Dur\u00e9e de lecture estim\u00e9e\" \/>\n\t<meta name=\"twitter:data1\" content=\"1 minute\" \/>\n<script type=\"application\/ld+json\" class=\"yoast-schema-graph\">{\"@context\":\"https:\/\/schema.org\",\"@graph\":[{\"@type\":\"WebPage\",\"@id\":\"https:\/\/www.duegceramiche.com\/fr\/contact\/\",\"url\":\"https:\/\/www.duegceramiche.com\/fr\/contact\/\",\"name\":\"Contact - Due G Ceramiche\",\"isPartOf\":{\"@id\":\"https:\/\/www.duegceramiche.com\/#website\"},\"datePublished\":\"2024-04-16T07:17:31+00:00\",\"dateModified\":\"2026-04-23T13:47:22+00:00\",\"breadcrumb\":{\"@id\":\"https:\/\/www.duegceramiche.com\/fr\/contact\/#breadcrumb\"},\"inLanguage\":\"fr-FR\",\"potentialAction\":[{\"@type\":\"ReadAction\",\"target\":[\"https:\/\/www.duegceramiche.com\/fr\/contact\/\"]}]},{\"@type\":\"BreadcrumbList\",\"@id\":\"https:\/\/www.duegceramiche.com\/fr\/contact\/#breadcrumb\",\"itemListElement\":[{\"@type\":\"ListItem\",\"position\":1,\"name\":\"Home\",\"item\":\"https:\/\/www.duegceramiche.com\/fr\/accueil\/\"},{\"@type\":\"ListItem\",\"position\":2,\"name\":\"Contact\"}]},{\"@type\":\"WebSite\",\"@id\":\"https:\/\/www.duegceramiche.com\/#website\",\"url\":\"https:\/\/www.duegceramiche.com\/\",\"name\":\"Due G Ceramiche\",\"description\":\"Due G Ceramiche, piastrelle in gres porcellanato di design Made in Italy.\",\"publisher\":{\"@id\":\"https:\/\/www.duegceramiche.com\/#organization\"},\"alternateName\":\"Due G Ceramiche\",\"potentialAction\":[{\"@type\":\"SearchAction\",\"target\":{\"@type\":\"EntryPoint\",\"urlTemplate\":\"https:\/\/www.duegceramiche.com\/?s={search_term_string}\"},\"query-input\":{\"@type\":\"PropertyValueSpecification\",\"valueRequired\":true,\"valueName\":\"search_term_string\"}}],\"inLanguage\":\"fr-FR\"},{\"@type\":\"Organization\",\"@id\":\"https:\/\/www.duegceramiche.com\/#organization\",\"name\":\"Due G Ceramiche\",\"url\":\"https:\/\/www.duegceramiche.com\/\",\"logo\":{\"@type\":\"ImageObject\",\"inLanguage\":\"fr-FR\",\"@id\":\"https:\/\/www.duegceramiche.com\/#\/schema\/logo\/image\/\",\"url\":\"https:\/\/www.duegceramiche.com\/wp-content\/uploads\/2024\/05\/cropped-Favicon.png\",\"contentUrl\":\"https:\/\/www.duegceramiche.com\/wp-content\/uploads\/2024\/05\/cropped-Favicon.png\",\"width\":512,\"height\":512,\"caption\":\"Due G Ceramiche\"},\"image\":{\"@id\":\"https:\/\/www.duegceramiche.com\/#\/schema\/logo\/image\/\"},\"sameAs\":[\"https:\/\/www.facebook.com\/duegceramiche\",\"https:\/\/www.linkedin.com\/company\/due-g-ceramiche\",\"https:\/\/www.instagram.com\/duegceramiche\/\"]}]}<\/script>\n<!-- \/ Yoast SEO plugin. -->","yoast_head_json":{"title":"Contact - Due G Ceramiche","robots":{"index":"index","follow":"follow","max-snippet":"max-snippet:-1","max-image-preview":"max-image-preview:large","max-video-preview":"max-video-preview:-1"},"canonical":"https:\/\/www.duegceramiche.com\/fr\/contact\/","og_locale":"fr_FR","og_type":"article","og_title":"Contact - Due G Ceramiche","og_description":"CONTACTS CONTACTEZ-NOUS Nous sommes \u00e0 votre disposition pour tout besoin ou demande. N&rsquo;h\u00e9sitez pas \u00e0 nous contacter pour toute question, suggestion ou pr\u00e9cision. Notre \u00e9quipe est pr\u00eate \u00e0 vous aider de la meilleure fa\u00e7on possible. +39 0546 652111 info@duegceramiche.com","og_url":"https:\/\/www.duegceramiche.com\/fr\/contact\/","og_site_name":"Due G Ceramiche","article_publisher":"https:\/\/www.facebook.com\/duegceramiche","article_modified_time":"2026-04-23T13:47:22+00:00","og_image":[{"width":209,"height":209,"url":"https:\/\/www.duegceramiche.com\/wp-content\/uploads\/2024\/05\/Favicon.png","type":"image\/png"}],"twitter_card":"summary_large_image","twitter_misc":{"Dur\u00e9e de lecture estim\u00e9e":"1 minute"},"schema":{"@context":"https:\/\/schema.org","@graph":[{"@type":"WebPage","@id":"https:\/\/www.duegceramiche.com\/fr\/contact\/","url":"https:\/\/www.duegceramiche.com\/fr\/contact\/","name":"Contact - Due G Ceramiche","isPartOf":{"@id":"https:\/\/www.duegceramiche.com\/#website"},"datePublished":"2024-04-16T07:17:31+00:00","dateModified":"2026-04-23T13:47:22+00:00","breadcrumb":{"@id":"https:\/\/www.duegceramiche.com\/fr\/contact\/#breadcrumb"},"inLanguage":"fr-FR","potentialAction":[{"@type":"ReadAction","target":["https:\/\/www.duegceramiche.com\/fr\/contact\/"]}]},{"@type":"BreadcrumbList","@id":"https:\/\/www.duegceramiche.com\/fr\/contact\/#breadcrumb","itemListElement":[{"@type":"ListItem","position":1,"name":"Home","item":"https:\/\/www.duegceramiche.com\/fr\/accueil\/"},{"@type":"ListItem","position":2,"name":"Contact"}]},{"@type":"WebSite","@id":"https:\/\/www.duegceramiche.com\/#website","url":"https:\/\/www.duegceramiche.com\/","name":"Due G Ceramiche","description":"Due G Ceramiche, piastrelle in gres porcellanato di design Made in Italy.","publisher":{"@id":"https:\/\/www.duegceramiche.com\/#organization"},"alternateName":"Due G Ceramiche","potentialAction":[{"@type":"SearchAction","target":{"@type":"EntryPoint","urlTemplate":"https:\/\/www.duegceramiche.com\/?s={search_term_string}"},"query-input":{"@type":"PropertyValueSpecification","valueRequired":true,"valueName":"search_term_string"}}],"inLanguage":"fr-FR"},{"@type":"Organization","@id":"https:\/\/www.duegceramiche.com\/#organization","name":"Due G Ceramiche","url":"https:\/\/www.duegceramiche.com\/","logo":{"@type":"ImageObject","inLanguage":"fr-FR","@id":"https:\/\/www.duegceramiche.com\/#\/schema\/logo\/image\/","url":"https:\/\/www.duegceramiche.com\/wp-content\/uploads\/2024\/05\/cropped-Favicon.png","contentUrl":"https:\/\/www.duegceramiche.com\/wp-content\/uploads\/2024\/05\/cropped-Favicon.png","width":512,"height":512,"caption":"Due G Ceramiche"},"image":{"@id":"https:\/\/www.duegceramiche.com\/#\/schema\/logo\/image\/"},"sameAs":["https:\/\/www.facebook.com\/duegceramiche","https:\/\/www.linkedin.com\/company\/due-g-ceramiche","https:\/\/www.instagram.com\/duegceramiche\/"]}]}},"_links":{"self":[{"href":"https:\/\/www.duegceramiche.com\/fr\/wp-json\/wp\/v2\/pages\/2733","targetHints":{"allow":["GET"]}}],"collection":[{"href":"https:\/\/www.duegceramiche.com\/fr\/wp-json\/wp\/v2\/pages"}],"about":[{"href":"https:\/\/www.duegceramiche.com\/fr\/wp-json\/wp\/v2\/types\/page"}],"author":[{"embeddable":true,"href":"https:\/\/www.duegceramiche.com\/fr\/wp-json\/wp\/v2\/users\/1"}],"replies":[{"embeddable":true,"href":"https:\/\/www.duegceramiche.com\/fr\/wp-json\/wp\/v2\/comments?post=2733"}],"version-history":[{"count":5,"href":"https:\/\/www.duegceramiche.com\/fr\/wp-json\/wp\/v2\/pages\/2733\/revisions"}],"predecessor-version":[{"id":3659,"href":"https:\/\/www.duegceramiche.com\/fr\/wp-json\/wp\/v2\/pages\/2733\/revisions\/3659"}],"wp:attachment":[{"href":"https:\/\/www.duegceramiche.com\/fr\/wp-json\/wp\/v2\/media?parent=2733"}],"curies":[{"name":"wp","href":"https:\/\/api.w.org\/{rel}","templated":true}]}}